{"id":18,"date":"2020-11-08T17:43:14","date_gmt":"2020-11-08T16:43:14","guid":{"rendered":"http:\/\/bournan.fr\/?page_id=18"},"modified":"2022-02-24T12:03:21","modified_gmt":"2022-02-24T11:03:21","slug":"vie-de-la-commune","status":"publish","type":"page","link":"https:\/\/bournan.fr\/?page_id=18","title":{"rendered":"Vie de Bournan"},"content":{"rendered":"\n<p>Vous pouvez consulter ici les derniers articles sur les animations et la vie de Bournan<\/p>\n\n\n<ul class=\"wp-block-latest-posts__list has-dates wp-block-latest-posts\"><li><a class=\"wp-block-latest-posts__post-title\" href=\"https:\/\/bournan.fr\/?p=6545\">Convocations et avis de r\u00e9union conseils 2026<\/a><time datetime=\"2026-03-07T09:39:43+01:00\" class=\"wp-block-latest-posts__post-date\">7 mars 2026<\/time><div class=\"wp-block-latest-posts__post-excerpt\">Avis de r\u00e9union 20 janvier 2026 Convocation conseil municipal 20 janvier 2026 Avis de r\u00e9union 24 f\u00e9vrier 2026 Convocation conseil municipal 24 f\u00e9vrier 2026 Avis de r\u00e9union 10 mars 2026 Convocation conseil municipal 10 mars 2026 Convocation conseil municipal 14 Avril 2026 Avis de r\u00e9union 14 avril 2026 9 10 &#8230; <a title=\"Convocations et avis de r\u00e9union conseils 2026\" class=\"read-more\" href=\"https:\/\/bournan.fr\/?p=6545\" aria-label=\"En savoir plus sur Convocations et avis de r\u00e9union conseils 2026\">Lire la suite<\/a><\/div><\/li>\n<li><a class=\"wp-block-latest-posts__post-title\" href=\"https:\/\/bournan.fr\/?p=6659\">PV des conseils 2026<\/a><time datetime=\"2026-03-07T09:35:10+01:00\" class=\"wp-block-latest-posts__post-date\">7 mars 2026<\/time><div class=\"wp-block-latest-posts__post-excerpt\">20 Janvier 2026 2 3 4 5 6 7 8 9<\/div><\/li>\n<li><a class=\"wp-block-latest-posts__post-title\" href=\"https:\/\/bournan.fr\/?p=6586\">Liste des d\u00e9lib\u00e9rations 2026<\/a><time datetime=\"2026-03-07T09:29:05+01:00\" class=\"wp-block-latest-posts__post-date\">7 mars 2026<\/time><div class=\"wp-block-latest-posts__post-excerpt\">20 janvier 2026 24 f\u00e9vrier 2026 3 4 5 6 7 8 9<\/div><\/li>\n<li><a class=\"wp-block-latest-posts__post-title\" href=\"https:\/\/bournan.fr\/?p=5328\">PV des conseils 2025<\/a><time datetime=\"2026-01-27T19:23:52+01:00\" class=\"wp-block-latest-posts__post-date\">27 janvier 2026<\/time><div class=\"wp-block-latest-posts__post-excerpt\">14 Octobre 2025 16 d\u00e9cembre 2025 Mai 2025 Juin 2025 Novembre 2025 Janvier 2025 F\u00e9vrier 2025 Avril 2025<\/div><\/li>\n<li><a class=\"wp-block-latest-posts__post-title\" href=\"https:\/\/bournan.fr\/?p=6564\">La RIOLL&#8217;ADE en 2026 \u00e0 bournan.<\/a><time datetime=\"2026-01-19T11:07:04+01:00\" class=\"wp-block-latest-posts__post-date\">19 janvier 2026<\/time><div class=\"wp-block-latest-posts__post-excerpt\"><\/div><\/li>\n<li><a class=\"wp-block-latest-posts__post-title\" href=\"https:\/\/bournan.fr\/?p=6541\">PV Conseil 2026<\/a><time datetime=\"2026-01-19T10:40:59+01:00\" class=\"wp-block-latest-posts__post-date\">19 janvier 2026<\/time><div class=\"wp-block-latest-posts__post-excerpt\">1 2 3 4 5 6 7 8 9<\/div><\/li>\n<li><a class=\"wp-block-latest-posts__post-title\" href=\"https:\/\/bournan.fr\/?p=6487\">Bournan par -5\u00b0C  le 05\/1\/26<\/a><time datetime=\"2026-01-06T09:19:33+01:00\" class=\"wp-block-latest-posts__post-date\">6 janvier 2026<\/time><div class=\"wp-block-latest-posts__post-excerpt\"><\/div><\/li>\n<li><a class=\"wp-block-latest-posts__post-title\" href=\"https:\/\/bournan.fr\/?p=5121\">Convocations et avis de r\u00e9union conseils 2025<\/a><time datetime=\"2025-12-20T12:03:46+01:00\" class=\"wp-block-latest-posts__post-date\">20 d\u00e9cembre 2025<\/time><div class=\"wp-block-latest-posts__post-excerpt\">Convocation D\u00e9cembre 2025 Avis de r\u00e9union D\u00e9cembre 2025 Convocation Octobre 2025 Avis de r\u00e9union Octobre 2025 Avis de r\u00e9union Novembre 2025 Convocation Mai 2025 Avis de r\u00e9union Mai 2025 Convocation Juin 2025 Convocation F\u00e9vrier 2025 Avis de r\u00e9union Avril 2025 Convocation Avril 2025 Avis de r\u00e9union janvier 2025 Convocation Janvier &#8230; <a title=\"Convocations et avis de r\u00e9union conseils 2025\" class=\"read-more\" href=\"https:\/\/bournan.fr\/?p=5121\" aria-label=\"En savoir plus sur Convocations et avis de r\u00e9union conseils 2025\">Lire la suite<\/a><\/div><\/li>\n<li><a class=\"wp-block-latest-posts__post-title\" href=\"https:\/\/bournan.fr\/?p=6287\">11 novembre 2025 en images<\/a><time datetime=\"2025-11-13T09:12:43+01:00\" class=\"wp-block-latest-posts__post-date\">13 novembre 2025<\/time><div class=\"wp-block-latest-posts__post-excerpt\"><\/div><\/li>\n<li><a class=\"wp-block-latest-posts__post-title\" href=\"https:\/\/bournan.fr\/?p=6216\">AMBROISIE : ATTENTION ALLERGIES !<\/a><time datetime=\"2025-10-27T12:04:08+01:00\" class=\"wp-block-latest-posts__post-date\">27 octobre 2025<\/time><div class=\"wp-block-latest-posts__post-excerpt\">L&#8217;ambroisie est une plante invasive. On la rencontre de plus en plus souvent sur la commune de BOURNAN. Si vous en trouvez, il faut la d\u00e9truire avant sa floraison qui arrive en fin d&#8217;\u00e9t\u00e9. Le pollen d\u2019ambroisie \u00e0 feuilles d\u2019armoise, \u00e9mis de fin juillet \u00e0 d\u00e9but octobre selon les conditions &#8230; <a title=\"AMBROISIE : ATTENTION ALLERGIES !\" class=\"read-more\" href=\"https:\/\/bournan.fr\/?p=6216\" aria-label=\"En savoir plus sur AMBROISIE : ATTENTION ALLERGIES !\">Lire la suite<\/a><\/div><\/li>\n<\/ul>\n\n\n<p><\/p>\n","protected":false},"excerpt":{"rendered":"<p>Vous pouvez consulter ici les derniers articles sur les animations et la vie de Bournan<\/p>\n","protected":false},"author":1,"featured_media":0,"parent":0,"menu_order":2,"comment_status":"closed","ping_status":"closed","template":"","meta":{"ngg_post_thumbnail":0,"footnotes":""},"class_list":["post-18","page","type-page","status-publish"],"jetpack_sharing_enabled":true,"_links":{"self":[{"href":"https:\/\/bournan.fr\/index.php?rest_route=\/wp\/v2\/pages\/18","targetHints":{"allow":["GET"]}}],"collection":[{"href":"https:\/\/bournan.fr\/index.php?rest_route=\/wp\/v2\/pages"}],"about":[{"href":"https:\/\/bournan.fr\/index.php?rest_route=\/wp\/v2\/types\/page"}],"author":[{"embeddable":true,"href":"https:\/\/bournan.fr\/index.php?rest_route=\/wp\/v2\/users\/1"}],"replies":[{"embeddable":true,"href":"https:\/\/bournan.fr\/index.php?rest_route=%2Fwp%2Fv2%2Fcomments&post=18"}],"version-history":[{"count":5,"href":"https:\/\/bournan.fr\/index.php?rest_route=\/wp\/v2\/pages\/18\/revisions"}],"predecessor-version":[{"id":1630,"href":"https:\/\/bournan.fr\/index.php?rest_route=\/wp\/v2\/pages\/18\/revisions\/1630"}],"wp:attachment":[{"href":"https:\/\/bournan.fr\/index.php?rest_route=%2Fwp%2Fv2%2Fmedia&parent=18"}],"curies":[{"name":"wp","href":"https:\/\/api.w.org\/{rel}","templated":true}]}}