{"id":22,"date":"2020-11-08T17:41:33","date_gmt":"2020-11-08T16:41:33","guid":{"rendered":"http:\/\/bournan.fr\/?page_id=22"},"modified":"2026-01-19T10:57:47","modified_gmt":"2026-01-19T09:57:47","slug":"le-conseil-municipal","status":"publish","type":"page","link":"https:\/\/bournan.fr\/?page_id=22","title":{"rendered":"Le conseil"},"content":{"rendered":"\n<div class=\"wp-block-columns is-layout-flex wp-container-core-columns-is-layout-9d6595d7 wp-block-columns-is-layout-flex\">\n<div class=\"wp-block-column is-layout-flow wp-block-column-is-layout-flow\">\n<pre class=\"wp-block-preformatted\"><strong><span style=\"text-decoration: underline;\">PV des conseils municipaux<\/span><\/strong><\/pre>\n\n\n<ul class=\"wp-block-latest-posts__list wp-block-latest-posts\"><li><a class=\"wp-block-latest-posts__post-title\" href=\"https:\/\/bournan.fr\/?p=6659\">PV des conseils 2026<\/a><\/li>\n<li><a class=\"wp-block-latest-posts__post-title\" href=\"https:\/\/bournan.fr\/?p=6586\">Liste des d\u00e9lib\u00e9rations 2026<\/a><\/li>\n<li><a class=\"wp-block-latest-posts__post-title\" href=\"https:\/\/bournan.fr\/?p=5328\">PV des conseils 2025<\/a><\/li>\n<li><a class=\"wp-block-latest-posts__post-title\" href=\"https:\/\/bournan.fr\/?p=6541\">PV Conseil 2026<\/a><\/li>\n<li><a class=\"wp-block-latest-posts__post-title\" href=\"https:\/\/bournan.fr\/?p=5190\">Liste des d\u00e9lib\u00e9rations 2025<\/a><\/li>\n<\/ul><\/div>\n\n\n\n<div class=\"wp-block-column is-layout-flow wp-block-column-is-layout-flow\">\n<pre class=\"wp-block-preformatted\"><strong><span style=\"text-decoration: underline;\">Convocation Ordre du jour<\/span><\/strong><\/pre>\n\n\n<ul class=\"wp-block-latest-posts__list wp-block-latest-posts\"><li><a class=\"wp-block-latest-posts__post-title\" href=\"https:\/\/bournan.fr\/?p=6545\">Convocations et avis de r\u00e9union conseils 2026<\/a><\/li>\n<li><a class=\"wp-block-latest-posts__post-title\" href=\"https:\/\/bournan.fr\/?p=5121\">Convocations et avis de r\u00e9union conseils 2025<\/a><\/li>\n<li><a class=\"wp-block-latest-posts__post-title\" href=\"https:\/\/bournan.fr\/?p=3519\">Convocations et avis de r\u00e9union conseils 2024<\/a><\/li>\n<li><a class=\"wp-block-latest-posts__post-title\" href=\"https:\/\/bournan.fr\/?p=2996\">Ordres du jour conseils 2023<\/a><\/li>\n<\/ul><\/div>\n\n\n\n<div class=\"wp-block-column is-layout-flow wp-block-column-is-layout-flow\">\n<pre class=\"wp-block-preformatted\"><strong><span style=\"text-decoration: underline;\">Documents - Notes de frais<\/span><\/strong><\/pre>\n\n\n<ul class=\"wp-block-latest-posts__list wp-block-latest-posts\"><li><a class=\"wp-block-latest-posts__post-title\" href=\"https:\/\/bournan.fr\/?p=6548\">Notes de frais 2024<\/a><\/li>\n<li><a class=\"wp-block-latest-posts__post-title\" href=\"https:\/\/bournan.fr\/?p=3043\">Notes de frais 2023<\/a><\/li>\n<li><a class=\"wp-block-latest-posts__post-title\" href=\"https:\/\/bournan.fr\/?p=3041\">Notes de frais 2022<\/a><\/li>\n<li><a class=\"wp-block-latest-posts__post-title\" href=\"https:\/\/bournan.fr\/?p=3039\">Notes de frais 2021<\/a><\/li>\n<li><a class=\"wp-block-latest-posts__post-title\" href=\"https:\/\/bournan.fr\/?p=3035\">Notes de frais 2020<\/a><\/li>\n<li><a class=\"wp-block-latest-posts__post-title\" href=\"https:\/\/bournan.fr\/?p=3033\">Notes de frais 2019<\/a><\/li>\n<\/ul><\/div>\n<\/div>\n\n\n\n<div class=\"wp-block-columns is-layout-flex wp-container-core-columns-is-layout-9d6595d7 wp-block-columns-is-layout-flex\">\n<div class=\"wp-block-column is-layout-flow wp-block-column-is-layout-flow\">\n<pre class=\"wp-block-preformatted\"><strong><span style=\"text-decoration: underline;\">Questions \/ R\u00e9ponses<\/span><\/strong>\n\nVous pouvez nous adresser des questions via notre site (Accueil--Nous contacter) ou par tout autre moyen de votre choix.\n\nSi vos questions pr\u00e9sentent un int\u00e9r\u00eat g\u00e9n\u00e9ral, nous les publierons ici avec nos r\u00e9ponses.\n<\/pre>\n<\/div>\n\n\n\n<div class=\"wp-block-column is-layout-flow wp-block-column-is-layout-flow\">\n<pre class=\"wp-block-preformatted\"><strong><span style=\"text-decoration: underline;\">Prochain conseil : <\/span><\/strong><br>20\/01\/2026<br><\/pre>\n<\/div>\n\n\n\n<div class=\"wp-block-column is-layout-flow wp-block-column-is-layout-flow\"><\/div>\n<\/div>\n\n\n\n<div class=\"wp-block-cover is-light has-custom-content-position is-position-bottom-center\" style=\"min-height:640px;aspect-ratio:unset;\"><img data-recalc-dims=\"1\" loading=\"lazy\" decoding=\"async\" width=\"1200\" height=\"504\" class=\"wp-block-cover__image-background wp-image-211\" alt=\"\" src=\"https:\/\/i0.wp.com\/bournan.fr\/wp-content\/uploads\/2020\/12\/Conseil.jpg?resize=1200%2C504\" data-object-fit=\"cover\" srcset=\"https:\/\/i0.wp.com\/bournan.fr\/wp-content\/uploads\/2020\/12\/Conseil.jpg?w=1500&amp;ssl=1 1500w, https:\/\/i0.wp.com\/bournan.fr\/wp-content\/uploads\/2020\/12\/Conseil.jpg?resize=300%2C126&amp;ssl=1 300w, https:\/\/i0.wp.com\/bournan.fr\/wp-content\/uploads\/2020\/12\/Conseil.jpg?resize=1024%2C430&amp;ssl=1 1024w, https:\/\/i0.wp.com\/bournan.fr\/wp-content\/uploads\/2020\/12\/Conseil.jpg?resize=768%2C323&amp;ssl=1 768w\" sizes=\"auto, (max-width: 1200px) 100vw, 1200px\" \/><span aria-hidden=\"true\" class=\"wp-block-cover__background has-background-dim-0 has-background-dim\"><\/span><div class=\"wp-block-cover__inner-container is-layout-flow wp-block-cover-is-layout-flow\">\n<p class=\"has-text-align-center\" style=\"font-size:38px\">Pr\u00e9sentation de l&#8217;\u00e9quipe<\/p>\n<\/div><\/div>\n\n\n\n<div class=\"wp-block-columns is-layout-flex wp-container-core-columns-is-layout-9d6595d7 wp-block-columns-is-layout-flex\">\n<div class=\"wp-block-column is-layout-flow wp-block-column-is-layout-flow\" style=\"flex-basis:100%\">\n<div class=\"wp-block-columns is-layout-flex wp-container-core-columns-is-layout-9d6595d7 wp-block-columns-is-layout-flex\">\n<div class=\"wp-block-column is-layout-flow wp-block-column-is-layout-flow\" style=\"flex-basis:100%\">\n<div class=\"wp-block-columns is-layout-flex wp-container-core-columns-is-layout-9d6595d7 wp-block-columns-is-layout-flex\">\n<div class=\"wp-block-column is-layout-flow wp-block-column-is-layout-flow\"><style type=\"text\/css\" scoped>.rbs_gallery_69e89aff95f77Spinner{\r\n\t\t\t\tmargin: 50px auto;\r\n\t\t\t\twidth: 50px;\r\n\t\t\t\theight: 40px;\r\n\t\t\t\ttext-align: center;\r\n\t\t\t\tfont-size: 10px;\r\n\t\t\t}\r\n\t\t\t.rbs_gallery_69e89aff95f77Spinner > div{\r\n\t\t\t  background-color: #333;\r\n\t\t\t  height: 100%;\r\n\t\t\t  width: 6px;\r\n\t\t\t  display: inline-block;\r\n\t\t\t  -webkit-animation: rbs_gallery_69e89aff95f77-stretchdelay 1.2s infinite ease-in-out;\r\n\t\t\t  animation: rbs_gallery_69e89aff95f77-stretchdelay 1.2s infinite ease-in-out;\r\n\t\t\t}\r\n\t\t\t.rbs_gallery_69e89aff95f77Spinner .rbs_gallery_69e89aff95f77Rect2 {\r\n\t\t\t  -webkit-animation-delay: -1.1s;\r\n\t\t\t  animation-delay: -1.1s;\r\n\t\t\t}\r\n\t\t\t.rbs_gallery_69e89aff95f77Spinner .rbs_gallery_69e89aff95f77Rect3 {\r\n\t\t\t  -webkit-animation-delay: -1.0s;\r\n\t\t\t  animation-delay: -1.0s;\r\n\t\t\t}\r\n\t\t\t.rbs_gallery_69e89aff95f77Spinner .rbs_gallery_69e89aff95f77Rect4 {\r\n\t\t\t  -webkit-animation-delay: -0.9s;\r\n\t\t\t  animation-delay: -0.9s;\r\n\t\t\t}\r\n\t\t\t.rbs_gallery_69e89aff95f77Spinner .rbs_gallery_69e89aff95f77Rect5 {\r\n\t\t\t  -webkit-animation-delay: -0.8s;\r\n\t\t\t  animation-delay: -0.8s;\r\n\t\t\t}\r\n\t\t\t@-webkit-keyframes rbs_gallery_69e89aff95f77-stretchdelay {\r\n\t\t\t  0%, 40%, 100% { -webkit-transform: scaleY(0.4) }  \r\n\t\t\t  20% { -webkit-transform: scaleY(1.0) }\r\n\t\t\t}\r\n\t\t\t@keyframes rbs_gallery_69e89aff95f77-stretchdelay {\r\n\t\t\t  0%, 40%, 100% { \r\n\t\t\t    transform: scaleY(0.4);\r\n\t\t\t    -webkit-transform: scaleY(0.4);\r\n\t\t\t  }  20% { \r\n\t\t\t    transform: scaleY(1.0);\r\n\t\t\t    -webkit-transform: scaleY(1.0);\r\n\t\t\t  }\r\n\t\t\t}\r\n\t\t<\/style><div class=\"robo-gallery-wrap robo-gallery-wrap-id307 robo-gallery-\" ><div id=\"rbs_gallery_69e89aff95f77-block-loader\" class=\"rbs_gallery_69e89aff95f77Spinner\"><div class=\"rbs_gallery_69e89aff95f77Rect1\"><\/div> <div class=\"rbs_gallery_69e89aff95f77Rect2\"><\/div> <div class=\"rbs_gallery_69e89aff95f77Rect3\"><\/div> <div class=\"rbs_gallery_69e89aff95f77Rect4\"><\/div> <div class=\"rbs_gallery_69e89aff95f77Rect5\"><\/div><\/div><div class=\"rbs_gallery_button  rbs_gallery_align_left\" id=\"rbs_gallery_69e89aff95f77filter\" style=\" display: none;\" ><\/div><div id=\"robo_gallery_main_block_rbs_gallery_69e89aff95f77\" class=\"robogallery-gallery-307\" style=\"width:100%;float:left;padding-right:1px;  display: none;\"><div id=\"rbs_gallery_69e89aff95f77\" data-options=\"rbs_gallery_69e89aff95f77\" style=\"width:100%;\" class=\"robo_gallery  \"><div class=\"rbs-img  category307 \" ><div class=\"rbs-img-image   \" ><div class=\"rbs-img-thumbs\"  data-thumbnail=\"https:\/\/i0.wp.com\/bournan.fr\/wp-content\/uploads\/2020\/12\/Barbara-Leday-1.jpg?fit=240%2C300&#038;ssl=1\"  title=\"Barbara Leday\"  data-width=\"240\"  data-height=\"300\" ><\/div><div class=\"rbs-img-data-popup\"  data-popup=\"https:\/\/bournan.fr\/wp-content\/uploads\/2020\/12\/Barbara-Leday-1.jpg\"  title=\"Barbara Leday\" ><\/div><div class=\"thumbnail-overlay\"><div class=\"rbsTitle \">Barbara Leday<\/div><div class=\"rbsIcons\"><i class=\"fa fa-search-plus rbsZoomIcon  rbs-lightbox\" ><\/i><\/div><\/div><\/div><\/div><div class=\"rbs-img  category307 \" ><div class=\"rbs-img-image   \" ><div class=\"rbs-img-thumbs\"  data-thumbnail=\"https:\/\/i0.wp.com\/bournan.fr\/wp-content\/uploads\/2020\/12\/Charlie-Gillet-1.jpg?fit=240%2C300&#038;ssl=1\"  title=\"Charlie Gillet\"  data-width=\"240\"  data-height=\"300\" ><\/div><div class=\"rbs-img-data-popup\"  data-popup=\"https:\/\/bournan.fr\/wp-content\/uploads\/2020\/12\/Charlie-Gillet-1.jpg\"  title=\"Charlie Gillet\" ><\/div><div class=\"thumbnail-overlay\"><div class=\"rbsTitle \">Charlie Gillet<\/div><div class=\"rbsIcons\"><i class=\"fa fa-search-plus rbsZoomIcon  rbs-lightbox\" ><\/i><\/div><\/div><\/div><\/div><div class=\"rbs-img  category307 \" ><div class=\"rbs-img-image   \" ><div class=\"rbs-img-thumbs\"  data-thumbnail=\"https:\/\/i0.wp.com\/bournan.fr\/wp-content\/uploads\/2020\/12\/Didier-Villion-1.jpg?fit=240%2C300&#038;ssl=1\"  title=\"Didier Villion\"  data-width=\"240\"  data-height=\"300\" ><\/div><div class=\"rbs-img-data-popup\"  data-popup=\"https:\/\/bournan.fr\/wp-content\/uploads\/2020\/12\/Didier-Villion-1.jpg\"  title=\"Didier Villion\" ><\/div><div class=\"thumbnail-overlay\"><div class=\"rbsTitle \">Didier Villion<\/div><div class=\"rbsIcons\"><i class=\"fa fa-search-plus rbsZoomIcon  rbs-lightbox\" ><\/i><\/div><\/div><\/div><\/div><div class=\"rbs-img  category307 \" ><div class=\"rbs-img-image   \" ><div class=\"rbs-img-thumbs\"  data-thumbnail=\"https:\/\/i0.wp.com\/bournan.fr\/wp-content\/uploads\/2020\/12\/Fabrice-Raboteau-1.jpg?fit=240%2C300&#038;ssl=1\"  title=\"Fabrice Raboteau\"  data-width=\"240\"  data-height=\"300\" ><\/div><div class=\"rbs-img-data-popup\"  data-popup=\"https:\/\/bournan.fr\/wp-content\/uploads\/2020\/12\/Fabrice-Raboteau-1.jpg\"  title=\"Fabrice Raboteau\" ><\/div><div class=\"thumbnail-overlay\"><div class=\"rbsTitle \">Fabrice Raboteau<\/div><div class=\"rbsIcons\"><i class=\"fa fa-search-plus rbsZoomIcon  rbs-lightbox\" ><\/i><\/div><\/div><\/div><\/div><div class=\"rbs-img  category307 \" ><div class=\"rbs-img-image   \" ><div class=\"rbs-img-thumbs\"  data-thumbnail=\"https:\/\/i0.wp.com\/bournan.fr\/wp-content\/uploads\/2020\/12\/Florent-Chauvreau-1.jpg?fit=240%2C300&#038;ssl=1\"  title=\"Florent Chauvreau\"  data-width=\"240\"  data-height=\"300\" ><\/div><div class=\"rbs-img-data-popup\"  data-popup=\"https:\/\/bournan.fr\/wp-content\/uploads\/2020\/12\/Florent-Chauvreau-1.jpg\"  title=\"Florent Chauvreau\" ><\/div><div class=\"thumbnail-overlay\"><div class=\"rbsTitle \">Florent Chauvreau<\/div><div class=\"rbsIcons\"><i class=\"fa fa-search-plus rbsZoomIcon  rbs-lightbox\" ><\/i><\/div><\/div><\/div><\/div><div class=\"rbs-img  category307 \" ><div class=\"rbs-img-image   \" ><div class=\"rbs-img-thumbs\"  data-thumbnail=\"https:\/\/i0.wp.com\/bournan.fr\/wp-content\/uploads\/2020\/12\/Florent-Fourrier-1.jpg?fit=240%2C300&#038;ssl=1\"  title=\"Florent Fourrier\"  data-width=\"240\"  data-height=\"300\" ><\/div><div class=\"rbs-img-data-popup\"  data-popup=\"https:\/\/bournan.fr\/wp-content\/uploads\/2020\/12\/Florent-Fourrier-1.jpg\"  title=\"Florent Fourrier\" ><\/div><div class=\"thumbnail-overlay\"><div class=\"rbsTitle \">Florent Fourrier<\/div><div class=\"rbsIcons\"><i class=\"fa fa-search-plus rbsZoomIcon  rbs-lightbox\" ><\/i><\/div><\/div><\/div><\/div><div class=\"rbs-img  category307 \" ><div class=\"rbs-img-image   \" ><div class=\"rbs-img-thumbs\"  data-thumbnail=\"https:\/\/i0.wp.com\/bournan.fr\/wp-content\/uploads\/2020\/12\/Jean-Pierre-Jallet-1.jpg?fit=240%2C300&#038;ssl=1\"  title=\"Jean Pierre Jallet\"  data-width=\"240\"  data-height=\"300\" ><\/div><div class=\"rbs-img-data-popup\"  data-popup=\"https:\/\/bournan.fr\/wp-content\/uploads\/2020\/12\/Jean-Pierre-Jallet-1.jpg\"  title=\"Jean Pierre Jallet\" ><\/div><div class=\"thumbnail-overlay\"><div class=\"rbsTitle \">Jean Pierre Jallet<\/div><div class=\"rbsIcons\"><i class=\"fa fa-search-plus rbsZoomIcon  rbs-lightbox\" ><\/i><\/div><\/div><\/div><\/div><div class=\"rbs-img  category307 \" ><div class=\"rbs-img-image   \" ><div class=\"rbs-img-thumbs\"  data-thumbnail=\"https:\/\/i0.wp.com\/bournan.fr\/wp-content\/uploads\/2020\/12\/Melanie-Robin-1.jpg?fit=240%2C300&#038;ssl=1\"  title=\"M\u00e9lanie Robin\"  data-width=\"240\"  data-height=\"300\" ><\/div><div class=\"rbs-img-data-popup\"  data-popup=\"https:\/\/bournan.fr\/wp-content\/uploads\/2020\/12\/Melanie-Robin-1.jpg\"  title=\"M\u00e9lanie Robin\" ><\/div><div class=\"thumbnail-overlay\"><div class=\"rbsTitle \">M\u00e9lanie Robin<\/div><div class=\"rbsIcons\"><i class=\"fa fa-search-plus rbsZoomIcon  rbs-lightbox\" ><\/i><\/div><\/div><\/div><\/div><div class=\"rbs-img  category307 \" ><div class=\"rbs-img-image   \" ><div class=\"rbs-img-thumbs\"  data-thumbnail=\"https:\/\/i0.wp.com\/bournan.fr\/wp-content\/uploads\/2020\/12\/Michel-LHeritier-1.jpg?fit=240%2C300&#038;ssl=1\"  title=\"Michel L&#039;H\u00e9ritier\"  data-width=\"240\"  data-height=\"300\" ><\/div><div class=\"rbs-img-data-popup\"  data-popup=\"https:\/\/bournan.fr\/wp-content\/uploads\/2020\/12\/Michel-LHeritier-1.jpg\"  title=\"Michel L&#039;H\u00e9ritier\" ><\/div><div class=\"thumbnail-overlay\"><div class=\"rbsTitle \">Michel L&#8217;H\u00e9ritier<\/div><div class=\"rbsIcons\"><i class=\"fa fa-search-plus rbsZoomIcon  rbs-lightbox\" ><\/i><\/div><\/div><\/div><\/div><div class=\"rbs-img  category307 \" ><div class=\"rbs-img-image   \" ><div class=\"rbs-img-thumbs\"  data-thumbnail=\"https:\/\/i0.wp.com\/bournan.fr\/wp-content\/uploads\/2020\/12\/Paulinne-Parinet-Hodimont-1.jpg?fit=240%2C300&#038;ssl=1\"  title=\"Paulinne Parinet-Hodimont\"  data-width=\"240\"  data-height=\"300\" ><\/div><div class=\"rbs-img-data-popup\"  data-popup=\"https:\/\/bournan.fr\/wp-content\/uploads\/2020\/12\/Paulinne-Parinet-Hodimont-1.jpg\"  title=\"Paulinne Parinet-Hodimont\" ><\/div><div class=\"thumbnail-overlay\"><div class=\"rbsTitle \">Paulinne Parinet-Hodimont<\/div><div class=\"rbsIcons\"><i class=\"fa fa-search-plus rbsZoomIcon  rbs-lightbox\" ><\/i><\/div><\/div><\/div><\/div><div class=\"rbs-img  category307 \" ><div class=\"rbs-img-image   \" ><div class=\"rbs-img-thumbs\"  data-thumbnail=\"https:\/\/i0.wp.com\/bournan.fr\/wp-content\/uploads\/2020\/12\/Yves-Boyer-1.jpg?fit=240%2C300&#038;ssl=1\"  title=\"Yves Boyer\"  data-width=\"240\"  data-height=\"300\" ><\/div><div class=\"rbs-img-data-popup\"  data-popup=\"https:\/\/bournan.fr\/wp-content\/uploads\/2020\/12\/Yves-Boyer-1.jpg\"  title=\"Yves Boyer\" ><\/div><div class=\"thumbnail-overlay\"><div class=\"rbsTitle \">Yves Boyer<\/div><div class=\"rbsIcons\"><i class=\"fa fa-search-plus rbsZoomIcon  rbs-lightbox\" ><\/i><\/div><\/div><\/div><\/div><\/div><\/div><\/div><script>var rbs_gallery_69e89aff95f77 = {\"version\":\"3.2.23\",\"id\":307,\"class\":\"id307\",\"roboGalleryDelay\":1000,\"mainContainer\":\"#robo_gallery_main_block_rbs_gallery_69e89aff95f77\",\"loadingContainer\":\"#rbs_gallery_69e89aff95f77-block-loader\",\"loadingContainerObj\":\"rbs_gallery_69e89aff95f77-block-loader\",\"columnWidth\":\"auto\",\"columns\":3,\"resolutions\":[{\"columnWidth\":\"auto\",\"columns\":3,\"maxWidth\":960},{\"columnWidth\":\"auto\",\"columns\":2,\"maxWidth\":650},{\"columnWidth\":\"auto\",\"columns\":1,\"maxWidth\":450}],\"lightboxOptions\":{\"gallery\":{\"enabled\":true,\"tCounter\":\"%curr% of %total%\"}},\"hideSourceImage\":true,\"overlayEffect\":\"direction-aware-fade\",\"boxesToLoadStart\":12,\"boxesToLoad\":8,\"waitUntilThumbLoads\":1,\"LoadingWord\":\"Loading...\",\"loadMoreWord\":\"Load More\",\"noMoreEntriesWord\":\"No More Entries\",\"horizontalSpaceBetweenBoxes\":25,\"verticalSpaceBetweenBoxes\":25,\"lazyLoad\":1,\"wrapContainer\":\"#robo-gallery-wrap-rbs_gallery_69e89aff95f77\",\"filterContainer\":\"#rbs_gallery_69e89aff95f77filter\",\"loadMoreClass\":\"button-flat-primary button-large \"};<\/script><\/div>\n\n\n\n<div class=\"wp-block-column is-layout-flow wp-block-column-is-layout-flow\">\n<pre class=\"wp-block-preformatted\">Charlie Gillet                         Maire de la commune         Exploitant agricole\nFabrice Raboteau                 1<sup>er<\/sup> adjoint                           Directeur de production\nDidier Villion                          2<sup>\u00e8me<\/sup> adjoint                        Ing\u00e9nieur automaticien retrait\u00e9.\nBarbara Leday                      membre du conseil             Charg\u00e9e de client\u00e8le \nFlorent Chauvreau               membre du conseil             Technicien Orange Retrait\u00e9 \nFlorent Fourrier                     membre du conseil             Charpentier \nJean Pierre Jallet                  membre du conseil             \u00c9lectronicien retrait\u00e9\nM\u00e9lanie Robin                       membre du conseil             Assistante vigneron  \nMichel Lh\u00e9ritier                      membre du conseil             Retrait\u00e9 du b\u00e2timent et BTP \nPauline Parinet-Hodimont     membre du conseil             Enseignant-chercheur en droit c\nYves Boyer                            membre du conseil             Comptable <\/pre>\n<\/div>\n<\/div>\n\n\n\n<hr class=\"wp-block-separator has-css-opacity is-style-wide\"\/>\n\n\n\n<h2 class=\"wp-block-heading has-text-align-center\"><strong>Les commissions municipales<\/strong><\/h2>\n\n\n\n<div class=\"wp-block-columns is-layout-flex wp-container-core-columns-is-layout-9d6595d7 wp-block-columns-is-layout-flex\">\n<div class=\"wp-block-column is-layout-flow wp-block-column-is-layout-flow\">\n<pre class=\"wp-block-preformatted\"><strong><strong>Voirie, am\u00e9nagement et s\u00e9curisation du centre bourg<\/strong>\n<\/strong><span class=\"has-inline-color has-vivid-purple-color\">Fabrice Raboteau<\/span> \nEnsemble du conseil municipal.<strong>\n\n<strong>Communication et informatique<\/strong> :\n<\/strong><span class=\"has-inline-color has-vivid-purple-color\">Didier Villion, <\/span>\nM\u00e9lanie Robin, \nPauline Hodimont-Parinet, \nFlorent Chauvreau, Charlie Gillet, \nYves Boyer<strong>\n\n<strong>Patrimoine<\/strong> :\n<\/strong><span class=\"has-inline-color has-vivid-purple-color\">Michel Lh\u00e9ritier,<\/span>\nFlorent Chauvreau, \nJean-Pierre Jallet, \nFlorent Fourrier, \nYves Boyer\n<\/pre>\n\n\n\n<p><mark style=\"background-color:rgba(0, 0, 0, 0)\" class=\"has-inline-color has-vivid-purple-color\">En violet : responsables des commissions<\/mark><\/p>\n<\/div>\n\n\n\n<div class=\"wp-block-column is-layout-flow wp-block-column-is-layout-flow\">\n<pre class=\"wp-block-preformatted\"><strong><strong>Am\u00e9nagement mairie : <\/strong>\n<\/strong>Florent Chauvreau, \nJean-Pierre Jallet<strong>\n\n<strong>Habitat et b\u00e2timents communaux : <\/strong>\n<\/strong><span class=\"has-inline-color has-vivid-purple-color\">Charlie Gillet<\/span>\nEnsemble du conseil municipal<strong>\n\n<strong>Nature-environnement :<\/strong>\n<\/strong><span class=\"has-inline-color has-vivid-purple-color\">Michel Lh\u00e9ritier<\/span>, \nDidier Villion, \nM\u00e9lanie Robin, \nBarbara Leday\n<\/pre>\n<\/div>\n\n\n\n<div class=\"wp-block-column is-layout-flow wp-block-column-is-layout-flow\">\n<pre class=\"wp-block-preformatted\"><strong>Salle des f\u00eates: <\/strong>\n<span class=\"has-inline-color has-vivid-purple-color\">Florent Chauvreau,<\/span> \nCharlie Gillet, \nFabrice Raboteau, \nDidier Villion\n<strong>\nCulture-loisirs:<\/strong>\n<span class=\"has-inline-color has-vivid-purple-color\">Yves Boyer, <\/span>\nM\u00e9lanie Robin, \nBarbara Leday, \nPauline Hodimont-Parinet, \nFlorent Fourrier.\n\n<strong>Appel d\u2019offres: <\/strong>\n<span class=\"has-inline-color has-vivid-purple-color\">Charlie Gillet <\/span>et\n         Titulaires :    Didier Villion, \n                              Yves Boyer, \n                              Fabrice Raboteau\n         Suppl\u00e9ants : Miche Lh\u00e9ritier, \n                             Jean-Pierre Jallet, \n                             Florent Chauvreau\n\n<\/pre>\n<\/div>\n<\/div>\n\n\n\n<h2 class=\"wp-block-heading has-text-align-center\">Les syndicats intercommunaux et com com<\/h2>\n\n\n\n<pre class=\"wp-block-preformatted\">Depuis le 1er janvier 2019, les comp\u00e9tences \"eau potable\" et \"assainissement collectif et non collectif\" sont g\u00e9r\u00e9es par la communaut\u00e9 de communes .<\/pre>\n\n\n\n<div class=\"wp-block-columns is-layout-flex wp-container-core-columns-is-layout-9d6595d7 wp-block-columns-is-layout-flex\">\n<div class=\"wp-block-column is-layout-flow wp-block-column-is-layout-flow\">\n<pre class=\"wp-block-preformatted\">                                  <strong>Communaut\u00e9 de communes Loches Sud Touraine\n<\/strong>\n                                  Titulaire : Charlie Gillet\n                                  Suppl\u00e9ant : Fabrice Raboteau\n\n\n<strong>Commission Solidarit\u00e9<\/strong>\n\n\n<strong>Commission Eau et Assainissement <\/strong>\nMichel Lh\u00e9ritier\n\n<strong>Commission \u00c9conomie Rurale et Solidaire<\/strong>\n\n\n<strong>Commission d\u00e9chets m\u00e9nager<\/strong>\nFabrice Raboteau\n\n\n<strong>Commission Am\u00e9nagement du territoire<\/strong>\n\n\n<strong>Commission D\u00e9veloppement Touristique<\/strong>\nDidier Villion\n\n<strong>Commission \u00c9nergie Climat<\/strong>\nDidier Villion<\/pre>\n\n\n\n<div class=\"wp-block-columns is-layout-flex wp-container-core-columns-is-layout-9d6595d7 wp-block-columns-is-layout-flex\">\n<div class=\"wp-block-column is-layout-flow wp-block-column-is-layout-flow\"><\/div>\n\n\n\n<div class=\"wp-block-column is-layout-flow wp-block-column-is-layout-flow\"><\/div>\n\n\n\n<div class=\"wp-block-column is-layout-flow wp-block-column-is-layout-flow\"><\/div>\n<\/div>\n\n\n\n<pre class=\"wp-block-preformatted\"><strong>Syndicat Intercommunal Scolaire (RPI)<\/strong>\nTitulaires : Charlie Gillet, M\u00e9lanie Robin\nSuppl\u00e9ants : Florent Fourrier, Barbara Leday, Yves Boyer\n\n\n<strong>Syndicat Intercommunal de Transport Scolaire<\/strong>\nTitulaire : Barbara Leday\nSuppl\u00e9ant :  M\u00e9lanie ROBIN\n\n\n<strong>Syndicat Intercommunal d\u2019\u00c9nergie d'Indre et Loire (SIEIL)<\/strong>\nTitulaires : Didier Villion\nSuppl\u00e9ants : Jean-Pierre Jallet\n\n<strong>CNAS<\/strong>\nTitulaires : Jean-Pierre Jallet\nSuppl\u00e9ants : Sabrina Pirault\n\n\n<strong>Correspondant D\u00e9fense<\/strong> \nFabrice Raboteau\n\n<\/pre>\n<\/div>\n<\/div>\n\n\n\n<div class=\"wp-block-columns is-layout-flex wp-container-core-columns-is-layout-9d6595d7 wp-block-columns-is-layout-flex\">\n<div class=\"wp-block-column is-layout-flow wp-block-column-is-layout-flow\"><\/div>\n\n\n\n<div class=\"wp-block-column is-layout-flow wp-block-column-is-layout-flow\">\n<p><\/p>\n<\/div>\n<\/div>\n\n\n\n<div class=\"wp-block-columns is-layout-flex wp-container-core-columns-is-layout-9d6595d7 wp-block-columns-is-layout-flex\">\n<div class=\"wp-block-column is-layout-flow wp-block-column-is-layout-flow\" style=\"flex-basis:100%\">\n<div class=\"wp-block-columns is-layout-flex wp-container-core-columns-is-layout-9d6595d7 wp-block-columns-is-layout-flex\">\n<div class=\"wp-block-column is-layout-flow wp-block-column-is-layout-flow\" style=\"flex-basis:100%\"><\/div>\n<\/div>\n<\/div>\n<\/div>\n<\/div>\n<\/div>\n<\/div>\n<\/div>\n\n\n\n<p><\/p>\n","protected":false},"excerpt":{"rendered":"<p>PV des conseils municipaux Convocation Ordre du jour Documents &#8211; Notes de frais Questions \/ R\u00e9ponses Vous pouvez nous adresser des questions via notre site (Accueil&#8211;Nous contacter) ou par tout autre moyen de votre choix. Si vos questions pr\u00e9sentent un int\u00e9r\u00eat g\u00e9n\u00e9ral, nous les publierons ici avec nos r\u00e9ponses. Prochain conseil : 20\/01\/2026 Charlie Gillet &#8230; <a title=\"Le conseil\" class=\"read-more\" href=\"https:\/\/bournan.fr\/?page_id=22\" aria-label=\"En savoir plus sur Le conseil\">Lire la suite<\/a><\/p>\n","protected":false},"author":1,"featured_media":0,"parent":18,"menu_order":0,"comment_status":"closed","ping_status":"closed","template":"","meta":{"ngg_post_thumbnail":0,"footnotes":""},"class_list":["post-22","page","type-page","status-publish"],"jetpack_sharing_enabled":true,"_links":{"self":[{"href":"https:\/\/bournan.fr\/index.php?rest_route=\/wp\/v2\/pages\/22","targetHints":{"allow":["GET"]}}],"collection":[{"href":"https:\/\/bournan.fr\/index.php?rest_route=\/wp\/v2\/pages"}],"about":[{"href":"https:\/\/bournan.fr\/index.php?rest_route=\/wp\/v2\/types\/page"}],"author":[{"embeddable":true,"href":"https:\/\/bournan.fr\/index.php?rest_route=\/wp\/v2\/users\/1"}],"replies":[{"embeddable":true,"href":"https:\/\/bournan.fr\/index.php?rest_route=%2Fwp%2Fv2%2Fcomments&post=22"}],"version-history":[{"count":46,"href":"https:\/\/bournan.fr\/index.php?rest_route=\/wp\/v2\/pages\/22\/revisions"}],"predecessor-version":[{"id":6556,"href":"https:\/\/bournan.fr\/index.php?rest_route=\/wp\/v2\/pages\/22\/revisions\/6556"}],"up":[{"embeddable":true,"href":"https:\/\/bournan.fr\/index.php?rest_route=\/wp\/v2\/pages\/18"}],"wp:attachment":[{"href":"https:\/\/bournan.fr\/index.php?rest_route=%2Fwp%2Fv2%2Fmedia&parent=22"}],"curies":[{"name":"wp","href":"https:\/\/api.w.org\/{rel}","templated":true}]}}