{"id":232,"date":"2020-12-03T08:57:55","date_gmt":"2020-12-03T07:57:55","guid":{"rendered":"http:\/\/bournan.fr\/?page_id=232"},"modified":"2023-11-16T18:39:11","modified_gmt":"2023-11-16T17:39:11","slug":"commission-communication","status":"publish","type":"page","link":"https:\/\/bournan.fr\/?page_id=232","title":{"rendered":"Nous Contacter"},"content":{"rendered":"\n<div class=\"wp-block-cover\"><span aria-hidden=\"true\" class=\"wp-block-cover__background has-background-dim-60 has-background-dim wp-block-cover__gradient-background has-background-gradient\" style=\"background:linear-gradient(62deg,rgb(7,126,194) 0%,rgb(249,246,246) 48%,rgb(248,6,6) 100%)\"><\/span><img data-recalc-dims=\"1\" loading=\"lazy\" decoding=\"async\" width=\"1200\" height=\"272\" class=\"wp-block-cover__image-background wp-image-516\" alt=\"\" src=\"https:\/\/i0.wp.com\/bournan.fr\/wp-content\/uploads\/2020\/12\/Pano-VueGeneraleBournan-9-scaled.jpg?resize=1200%2C272&#038;ssl=1\" data-object-fit=\"cover\" srcset=\"https:\/\/i0.wp.com\/bournan.fr\/wp-content\/uploads\/2020\/12\/Pano-VueGeneraleBournan-9-scaled.jpg?w=2560&amp;ssl=1 2560w, https:\/\/i0.wp.com\/bournan.fr\/wp-content\/uploads\/2020\/12\/Pano-VueGeneraleBournan-9-scaled.jpg?resize=300%2C68&amp;ssl=1 300w, https:\/\/i0.wp.com\/bournan.fr\/wp-content\/uploads\/2020\/12\/Pano-VueGeneraleBournan-9-scaled.jpg?resize=1024%2C232&amp;ssl=1 1024w, https:\/\/i0.wp.com\/bournan.fr\/wp-content\/uploads\/2020\/12\/Pano-VueGeneraleBournan-9-scaled.jpg?resize=768%2C174&amp;ssl=1 768w, https:\/\/i0.wp.com\/bournan.fr\/wp-content\/uploads\/2020\/12\/Pano-VueGeneraleBournan-9-scaled.jpg?resize=1536%2C348&amp;ssl=1 1536w, https:\/\/i0.wp.com\/bournan.fr\/wp-content\/uploads\/2020\/12\/Pano-VueGeneraleBournan-9-scaled.jpg?resize=2048%2C464&amp;ssl=1 2048w, https:\/\/i0.wp.com\/bournan.fr\/wp-content\/uploads\/2020\/12\/Pano-VueGeneraleBournan-9-scaled.jpg?w=2400&amp;ssl=1 2400w\" sizes=\"auto, (max-width: 1200px) 100vw, 1200px\" \/><div class=\"wp-block-cover__inner-container is-layout-flow wp-block-cover-is-layout-flow\">\n<p class=\"has-text-align-left has-large-font-size\">Comment nous contacter ?<\/p>\n\n\n\n<div style=\"height:233px\" aria-hidden=\"true\" class=\"wp-block-spacer\"><\/div>\n\n\n\n<p class=\"has-text-align-center\" style=\"font-size:22px\">En plus des num\u00e9ros de t\u00e9l\u00e9phones disponibles sur ce site, vous pouvez nous envoyer des messages <em>via<\/em> les formulaires ci dessous.<\/p>\n<\/div><\/div>\n\n\n\n<div class=\"wp-block-columns is-layout-flex wp-container-core-columns-is-layout-9d6595d7 wp-block-columns-is-layout-flex\">\n<div class=\"wp-block-column is-layout-flow wp-block-column-is-layout-flow\">\n<pre class=\"wp-block-preformatted\">Vous pouvez nous laisser un message ou nous poser des questions en utilisant le formulaire ci dessous.\nC'est avec plaisir que nous y r\u00e9pondrons sur le site (page ''Questions R\u00e9ponses'') s'il s'agit de questions d'int\u00e9r\u00eat g\u00e9n\u00e9ral ou par mail si c'est plus personnel.<\/pre>\n\n\n\n<h2 class=\"wp-block-heading\">\u00c9crivez nous : <\/h2>\n\n\n<div class=\"wp-block-jetpack-contact-form\"><a href=\"https:\/\/bournan.fr\/?page_id=232\" target=\"_blank\" rel=\"noopener noreferrer\">Soumettre un formulaire.<\/a><\/div><\/div>\n<\/div>\n","protected":false},"excerpt":{"rendered":"<p>Vous pouvez nous laisser un message ou nous poser des questions en utilisant le formulaire ci dessous. C&#8217;est avec plaisir que nous y r\u00e9pondrons sur le site (page &#8221;Questions R\u00e9ponses&#8221;) s&#8217;il s&#8217;agit de questions d&#8217;int\u00e9r\u00eat g\u00e9n\u00e9ral ou par mail si c&#8217;est plus personnel. \u00c9crivez nous :<\/p>\n","protected":false},"author":1,"featured_media":0,"parent":47,"menu_order":0,"comment_status":"closed","ping_status":"closed","template":"","meta":{"ngg_post_thumbnail":0,"footnotes":""},"class_list":["post-232","page","type-page","status-publish"],"jetpack_sharing_enabled":true,"_links":{"self":[{"href":"https:\/\/bournan.fr\/index.php?rest_route=\/wp\/v2\/pages\/232","targetHints":{"allow":["GET"]}}],"collection":[{"href":"https:\/\/bournan.fr\/index.php?rest_route=\/wp\/v2\/pages"}],"about":[{"href":"https:\/\/bournan.fr\/index.php?rest_route=\/wp\/v2\/types\/page"}],"author":[{"embeddable":true,"href":"https:\/\/bournan.fr\/index.php?rest_route=\/wp\/v2\/users\/1"}],"replies":[{"embeddable":true,"href":"https:\/\/bournan.fr\/index.php?rest_route=%2Fwp%2Fv2%2Fcomments&post=232"}],"version-history":[{"count":14,"href":"https:\/\/bournan.fr\/index.php?rest_route=\/wp\/v2\/pages\/232\/revisions"}],"predecessor-version":[{"id":3257,"href":"https:\/\/bournan.fr\/index.php?rest_route=\/wp\/v2\/pages\/232\/revisions\/3257"}],"up":[{"embeddable":true,"href":"https:\/\/bournan.fr\/index.php?rest_route=\/wp\/v2\/pages\/47"}],"wp:attachment":[{"href":"https:\/\/bournan.fr\/index.php?rest_route=%2Fwp%2Fv2%2Fmedia&parent=232"}],"curies":[{"name":"wp","href":"https:\/\/api.w.org\/{rel}","templated":true}]}}