{"id":255,"date":"2020-12-03T09:21:25","date_gmt":"2020-12-03T08:21:25","guid":{"rendered":"http:\/\/bournan.fr\/?page_id=255"},"modified":"2023-11-17T16:17:51","modified_gmt":"2023-11-17T15:17:51","slug":"plan-site","status":"publish","type":"page","link":"https:\/\/bournan.fr\/?page_id=255","title":{"rendered":"Plan Site"},"content":{"rendered":"\n<div class=\"wp-block-columns is-layout-flex wp-container-core-columns-is-layout-9d6595d7 wp-block-columns-is-layout-flex\">\n<div class=\"wp-block-column is-layout-flow wp-block-column-is-layout-flow\">\n<pre class=\"wp-block-preformatted\"><strong>Liste des pages<\/strong><\/pre>\n\n\n<ul class=\"wp-block-page-list\"><li class=\"wp-block-pages-list__item has-child menu-item-home\"><a class=\"wp-block-pages-list__item__link\" href=\"https:\/\/bournan.fr\/\">Accueil<\/a><ul class=\"wp-block-navigation__submenu-container\"><li class=\"wp-block-pages-list__item \"><a class=\"wp-block-pages-list__item__link\" href=\"https:\/\/bournan.fr\/?page_id=232\">Nous Contacter<\/a><\/li><li class=\"wp-block-pages-list__item \"><a class=\"wp-block-pages-list__item__link\" href=\"https:\/\/bournan.fr\/?page_id=58\">Pr\u00e9sentation<\/a><\/li><li class=\"wp-block-pages-list__item \"><a class=\"wp-block-pages-list__item__link\" href=\"https:\/\/bournan.fr\/?page_id=3222\">Salle des associations<\/a><\/li><\/ul><\/li><li class=\"wp-block-pages-list__item\"><a class=\"wp-block-pages-list__item__link\" href=\"https:\/\/bournan.fr\/?page_id=5139\">Bournan &amp; CO<\/a><\/li><li class=\"wp-block-pages-list__item\"><a class=\"wp-block-pages-list__item__link\" href=\"https:\/\/bournan.fr\/?page_id=959\">Bournan Loisirs<\/a><\/li><li class=\"wp-block-pages-list__item\"><a class=\"wp-block-pages-list__item__link\" href=\"https:\/\/bournan.fr\/?page_id=3130\">Chorale<\/a><\/li><li class=\"wp-block-pages-list__item\"><a class=\"wp-block-pages-list__item__link\" href=\"https:\/\/bournan.fr\/?page_id=3237\">Contacts &amp; Services<\/a><\/li><li class=\"wp-block-pages-list__item\"><a class=\"wp-block-pages-list__item__link\" href=\"https:\/\/bournan.fr\/?page_id=239\">\u00c9cole<\/a><\/li><li class=\"wp-block-pages-list__item has-child\"><a class=\"wp-block-pages-list__item__link\" href=\"https:\/\/bournan.fr\/?page_id=552\">Histoire<\/a><ul class=\"wp-block-navigation__submenu-container\"><li class=\"wp-block-pages-list__item \"><a class=\"wp-block-pages-list__item__link\" href=\"https:\/\/bournan.fr\/?page_id=1794\">\u00c9glise<\/a><\/li><\/ul><\/li><li class=\"wp-block-pages-list__item\"><a class=\"wp-block-pages-list__item__link\" href=\"https:\/\/bournan.fr\/?page_id=242\">Images<\/a><\/li><li class=\"wp-block-pages-list__item has-child\"><a class=\"wp-block-pages-list__item__link\" href=\"https:\/\/bournan.fr\/?page_id=60\">Les assos<\/a><ul class=\"wp-block-navigation__submenu-container\"><li class=\"wp-block-pages-list__item \"><a class=\"wp-block-pages-list__item__link\" href=\"https:\/\/bournan.fr\/?page_id=468\">Association des parents d&#8217;\u00e9l\u00e8ves<\/a><\/li><li class=\"wp-block-pages-list__item \"><a class=\"wp-block-pages-list__item__link\" href=\"https:\/\/bournan.fr\/?page_id=474\">Th\u00e9\u00e2tre<\/a><\/li><li class=\"wp-block-pages-list__item \"><a class=\"wp-block-pages-list__item__link\" href=\"https:\/\/bournan.fr\/?page_id=471\">Comit\u00e9 des f\u00eates<\/a><\/li><li class=\"wp-block-pages-list__item \"><a class=\"wp-block-pages-list__item__link\" href=\"https:\/\/bournan.fr\/?page_id=481\">Les Aigles<\/a><\/li><\/ul><\/li><li class=\"wp-block-pages-list__item\"><a class=\"wp-block-pages-list__item__link\" href=\"https:\/\/bournan.fr\/?page_id=3\">Mentions<\/a><\/li><li class=\"wp-block-pages-list__item\"><a class=\"wp-block-pages-list__item__link\" href=\"https:\/\/bournan.fr\/?page_id=2771\">Passions et Cr\u00e9ations<\/a><\/li><li class=\"wp-block-pages-list__item\"><a class=\"wp-block-pages-list__item__link\" href=\"https:\/\/bournan.fr\/?page_id=1127\">Plan de la commune<\/a><\/li><li class=\"wp-block-pages-list__item\"><a class=\"wp-block-pages-list__item__link\" href=\"https:\/\/bournan.fr\/?page_id=255\">Plan Site<\/a><\/li><li class=\"wp-block-pages-list__item\"><a class=\"wp-block-pages-list__item__link\" href=\"https:\/\/bournan.fr\/?page_id=2794\">Salle des f\u00eates<\/a><\/li><li class=\"wp-block-pages-list__item\"><a class=\"wp-block-pages-list__item__link\" href=\"https:\/\/bournan.fr\/?page_id=249\">Urbanisme<\/a><\/li><li class=\"wp-block-pages-list__item has-child\"><a class=\"wp-block-pages-list__item__link\" href=\"https:\/\/bournan.fr\/?page_id=18\">Vie de Bournan<\/a><ul class=\"wp-block-navigation__submenu-container\"><li class=\"wp-block-pages-list__item \"><a class=\"wp-block-pages-list__item__link\" href=\"https:\/\/bournan.fr\/?page_id=228\">Commissions<\/a><\/li><li class=\"wp-block-pages-list__item \"><a class=\"wp-block-pages-list__item__link\" href=\"https:\/\/bournan.fr\/?page_id=647\">\u00c9conomie<\/a><\/li><li class=\"wp-block-pages-list__item \"><a class=\"wp-block-pages-list__item__link\" href=\"https:\/\/bournan.fr\/?page_id=22\">Le conseil<\/a><\/li><li class=\"wp-block-pages-list__item \"><a class=\"wp-block-pages-list__item__link\" href=\"https:\/\/bournan.fr\/?page_id=653\">Tourisme<\/a><\/li><\/ul><\/li><li class=\"wp-block-pages-list__item\"><a class=\"wp-block-pages-list__item__link\" href=\"https:\/\/bournan.fr\/?page_id=181\">Services<\/a><\/li><li class=\"wp-block-pages-list__item\"><a class=\"wp-block-pages-list__item__link\" href=\"https:\/\/bournan.fr\/?page_id=245\">Com Com<\/a><\/li><\/ul><\/div>\n\n\n\n<div class=\"wp-block-column is-layout-flow wp-block-column-is-layout-flow\">\n<pre class=\"wp-block-preformatted\"><strong>Liste des articles<\/strong><\/pre>\n\n\n<div id=\"simple-sitemap-container-69d6b07a866de\" class=\"simple-sitemap-container simple-sitemap-container-69d6b07a866de tab-disabled\"><div class=\"simple-sitemap-wrap\"><h3 class=\"post-type\">Articles<\/h3><ul class=\"simple-sitemap-post main\"><li class=\"sitemap-item\"><a href=\"https:\/\/bournan.fr\/?p=6545\">Convocations et avis de r\u00e9union conseils 2026<\/a><\/li><li class=\"sitemap-item\"><a href=\"https:\/\/bournan.fr\/?p=6659\">PV des conseils 2026<\/a><\/li><li class=\"sitemap-item\"><a href=\"https:\/\/bournan.fr\/?p=6586\">Liste des d\u00e9lib\u00e9rations 2026<\/a><\/li><li class=\"sitemap-item\"><a href=\"https:\/\/bournan.fr\/?p=5328\">PV des conseils 2025<\/a><\/li><li class=\"sitemap-item\"><a href=\"https:\/\/bournan.fr\/?p=6564\">La RIOLL&#8217;ADE en 2026 \u00e0 bournan.<\/a><\/li><li class=\"sitemap-item\"><a href=\"https:\/\/bournan.fr\/?p=6541\">PV Conseil 2026<\/a><\/li><li class=\"sitemap-item\"><a href=\"https:\/\/bournan.fr\/?p=6487\">Bournan par -5\u00b0C  le 05\/1\/26<\/a><\/li><li class=\"sitemap-item\"><a href=\"https:\/\/bournan.fr\/?p=5121\">Convocations et avis de r\u00e9union conseils 2025<\/a><\/li><li class=\"sitemap-item\"><a href=\"https:\/\/bournan.fr\/?p=6287\">11 novembre 2025 en images<\/a><\/li><li class=\"sitemap-item\"><a href=\"https:\/\/bournan.fr\/?p=6216\">AMBROISIE : ATTENTION ALLERGIES !<\/a><\/li><li class=\"sitemap-item\"><a href=\"https:\/\/bournan.fr\/?p=5190\">Liste des d\u00e9lib\u00e9rations 2025<\/a><\/li><li class=\"sitemap-item\"><a href=\"https:\/\/bournan.fr\/?p=5612\">MAI 2025<\/a><\/li><li class=\"sitemap-item\"><a href=\"https:\/\/bournan.fr\/?p=5577\">Cyclo Boh\u00e8me 2025<\/a><\/li><li class=\"sitemap-item\"><a href=\"https:\/\/bournan.fr\/?p=5566\">La Maison des Adolescents<\/a><\/li><li class=\"sitemap-item\"><a href=\"https:\/\/bournan.fr\/?p=5553\">C\u00e9r\u00e9monie du 08\/05\/2025 en images<\/a><\/li><li class=\"sitemap-item\"><a href=\"https:\/\/bournan.fr\/?p=6548\">Notes de frais 2024<\/a><\/li><li class=\"sitemap-item\"><a href=\"https:\/\/bournan.fr\/?p=3519\">Convocations et avis de r\u00e9union conseils 2024<\/a><\/li><li class=\"sitemap-item\"><a href=\"https:\/\/bournan.fr\/?p=4846\">Centre Hospitalier de Loches<\/a><\/li><li class=\"sitemap-item\"><a href=\"https:\/\/bournan.fr\/?p=4826\">L\u2019ENTRAIDE LOCHOISE<\/a><\/li><li class=\"sitemap-item\"><a href=\"https:\/\/bournan.fr\/?p=4786\">C\u00e9l\u00e9bration de l&#8217;Armistice : 106 ans de m\u00e9moire<\/a><\/li><li class=\"sitemap-item\"><a href=\"https:\/\/bournan.fr\/?p=3563\">PV des conseils 2024<\/a><\/li><li class=\"sitemap-item\"><a href=\"https:\/\/bournan.fr\/?p=3566\">D\u00e9lib\u00e9rations conseils 2024<\/a><\/li><li class=\"sitemap-item\"><a href=\"https:\/\/bournan.fr\/?p=3893\">TOUS EN C\u0152UR POUR LE PATRIMOINE<\/a><\/li><li class=\"sitemap-item\"><a href=\"https:\/\/bournan.fr\/?p=3848\">La Roue Tourangelle \u00e0 Bournan !<\/a><\/li><li class=\"sitemap-item\"><a href=\"https:\/\/bournan.fr\/?p=3718\">Article NR : Projet de parc \u00e9olien<\/a><\/li><li class=\"sitemap-item\"><a href=\"https:\/\/bournan.fr\/?p=3673\">La Quinzaine du Livre Jeunesse Le Grand Pressigny<\/a><\/li><li class=\"sitemap-item\"><a href=\"https:\/\/bournan.fr\/?p=3670\">Projet SAS Auberge du Perroquet Bleu<\/a><\/li><li class=\"sitemap-item\"><a href=\"https:\/\/bournan.fr\/?p=3338\">D\u00e9part \u00e0 la retraite de notre factrice<\/a><\/li><li class=\"sitemap-item\"><a href=\"https:\/\/bournan.fr\/?p=3323\">March\u00e9 de No\u00ebl 2023<\/a><\/li><li class=\"sitemap-item\"><a href=\"https:\/\/bournan.fr\/?p=3314\">Le Harc\u00e8lement scolaire : r\u00e9agir collectivement !<\/a><\/li><li class=\"sitemap-item\"><a href=\"https:\/\/bournan.fr\/?p=3189\">Comm\u00e9moration du 11 novembre 2023<\/a><\/li><li class=\"sitemap-item\"><a href=\"https:\/\/bournan.fr\/?p=2996\">Ordres du jour conseils 2023<\/a><\/li><li class=\"sitemap-item\"><a href=\"https:\/\/bournan.fr\/?p=3153\">La Mission Locale 2023<\/a><\/li><li class=\"sitemap-item\"><a href=\"https:\/\/bournan.fr\/?p=3115\">La Croix-Rouge Fran\u00e7aise en Sud Touraine<\/a><\/li><li class=\"sitemap-item\"><a href=\"https:\/\/bournan.fr\/?p=3082\">Aide alimentaire 2023<\/a><\/li><li class=\"sitemap-item\"><a href=\"https:\/\/bournan.fr\/?p=3091\">Loches Sud Touraine \u00e0 votre service<\/a><\/li><li class=\"sitemap-item\"><a href=\"https:\/\/bournan.fr\/?p=3067\">D\u00e9lib\u00e9rations conseils 2023<\/a><\/li><li class=\"sitemap-item\"><a href=\"https:\/\/bournan.fr\/?p=3098\">COMPOSTAGE : SON DEPLOIEMENT A GRANDE ECHELLE EST IMMINENT.<\/a><\/li><li class=\"sitemap-item\"><a href=\"https:\/\/bournan.fr\/?p=3101\">Compostage Partag\u00e9 \u00e0 BOURNAN<\/a><\/li><li class=\"sitemap-item\"><a href=\"https:\/\/bournan.fr\/?p=3043\">Notes de frais 2023<\/a><\/li><li class=\"sitemap-item\"><a href=\"https:\/\/bournan.fr\/?p=3041\">Notes de frais 2022<\/a><\/li><li class=\"sitemap-item\"><a href=\"https:\/\/bournan.fr\/?p=3039\">Notes de frais 2021<\/a><\/li><li class=\"sitemap-item\"><a href=\"https:\/\/bournan.fr\/?p=3035\">Notes de frais 2020<\/a><\/li><li class=\"sitemap-item\"><a href=\"https:\/\/bournan.fr\/?p=3033\">Notes de frais 2019<\/a><\/li><li class=\"sitemap-item\"><a href=\"https:\/\/bournan.fr\/?p=2274\">Le SIEIL &#8230; C&#8217;est quoi ?<\/a><\/li><li class=\"sitemap-item\"><a href=\"https:\/\/bournan.fr\/?p=3000\">PV des CONSEILS 2023<\/a><\/li><li class=\"sitemap-item\"><a href=\"https:\/\/bournan.fr\/?p=2716\">Bonus V\u00e9lo<\/a><\/li><li class=\"sitemap-item\"><a href=\"https:\/\/bournan.fr\/?p=2711\">La Guinguette Bournanaise<\/a><\/li><li class=\"sitemap-item\"><a href=\"https:\/\/bournan.fr\/?p=2451\">D\u00e9ch\u00e8teries ferm\u00e9es les 24 et 31 d\u00e9cembre apr\u00e8s-midi<\/a><\/li><li class=\"sitemap-item\"><a href=\"https:\/\/bournan.fr\/?p=2432\">Immense succ\u00e8s pour le premier march\u00e9 de No\u00ebl \u00e0 BOURNAN<\/a><\/li><li class=\"sitemap-item\"><a href=\"https:\/\/bournan.fr\/?p=2400\">Tous En C\u0153ur<\/a><\/li><li class=\"sitemap-item\"><a href=\"https:\/\/bournan.fr\/?p=2381\">March\u00e9 de No\u00ebl<\/a><\/li><li class=\"sitemap-item\"><a href=\"https:\/\/bournan.fr\/?p=2365\">PV des CONSEILS 2022<\/a><\/li><li class=\"sitemap-item\"><a href=\"https:\/\/bournan.fr\/?p=2356\">PV des CONSEILS 2021<\/a><\/li><li class=\"sitemap-item\"><a href=\"https:\/\/bournan.fr\/?p=2343\">PV des CONSEILS 2020<\/a><\/li><li class=\"sitemap-item\"><a href=\"https:\/\/bournan.fr\/?p=2286\">D\u00e9chets m\u00e9nagers<\/a><\/li><li class=\"sitemap-item\"><a href=\"https:\/\/bournan.fr\/?p=2282\">D\u00e9ch\u00e8teries de Loches Sud Touraine<\/a><\/li><li class=\"sitemap-item\"><a href=\"https:\/\/bournan.fr\/?p=2270\"><strong>La Mission Locale vous accueille<\/strong><\/a><\/li><li class=\"sitemap-item\"><a href=\"https:\/\/bournan.fr\/?p=2259\">Vente Sapins de No\u00ebl<\/a><\/li><li class=\"sitemap-item\"><a href=\"https:\/\/bournan.fr\/?p=2254\">Terre(s) D&#8217;images  2022<\/a><\/li><li class=\"sitemap-item\"><a href=\"https:\/\/bournan.fr\/?p=2245\">Boite cadeaux pour les personnes isol\u00e9es, d\u00e9munies.<\/a><\/li><li class=\"sitemap-item\"><a href=\"https:\/\/bournan.fr\/?p=2241\">LA BIBLIOTHEQUE DE SEPMES VOUS ACCUEILLE<\/a><\/li><li class=\"sitemap-item\"><a href=\"https:\/\/bournan.fr\/?p=2234\">C\u00e9r\u00e9monie du 11 novembre 2022<\/a><\/li><li class=\"sitemap-item\"><a href=\"https:\/\/bournan.fr\/?p=2117\">Soir\u00e9e Italienne \u00e0 Bournan<\/a><\/li><li class=\"sitemap-item\"><a href=\"https:\/\/bournan.fr\/?p=2036\">Limitation de usages de l&#8217;eau en Indre et Loire<\/a><\/li><li class=\"sitemap-item\"><a href=\"https:\/\/bournan.fr\/?p=2027\">Le risque op\u00e9rationnel pour les feux de v\u00e9g\u00e9tation est important<\/a><\/li><li class=\"sitemap-item\"><a href=\"https:\/\/bournan.fr\/?p=2007\">Cloches de Bournan<\/a><\/li><li class=\"sitemap-item\"><a href=\"https:\/\/bournan.fr\/?p=1854\">4 \u00e8me rallye touristique de BOURNAN<\/a><\/li><li class=\"sitemap-item\"><a href=\"https:\/\/bournan.fr\/?p=1805\">Un orgue liturgique pour l&#8217;\u00e9glise de BOURNAN<\/a><\/li><li class=\"sitemap-item\"><a href=\"https:\/\/bournan.fr\/?p=1789\">Coach de vie \u00e0 BOURNAN<\/a><\/li><li class=\"sitemap-item\"><a href=\"https:\/\/bournan.fr\/?p=1736\">Route barr\u00e9e \u00e0 BOURNAN le lundi 28 mars 2022<\/a><\/li><li class=\"sitemap-item\"><a href=\"https:\/\/bournan.fr\/?p=1647\">A la d\u00e9couverte des traces d&#8217;animaux<\/a><\/li><li class=\"sitemap-item\"><a href=\"https:\/\/bournan.fr\/?p=1638\">\u00c9oliennes de Sepmes<\/a><\/li><li class=\"sitemap-item\"><a href=\"https:\/\/bournan.fr\/?p=1631\">Pensez au tri s\u00e9lectif<\/a><\/li><li class=\"sitemap-item\"><a href=\"https:\/\/bournan.fr\/?p=1619\">CERF JOINT ET PIED DE BICHE<\/a><\/li><li class=\"sitemap-item\"><a href=\"https:\/\/bournan.fr\/?p=1565\">Caf\u00e9 des aidants<\/a><\/li><li class=\"sitemap-item\"><a href=\"https:\/\/bournan.fr\/?p=1558\">Fermeture exceptionnelle de la mairie lundi10 janvier apr\u00e8s midi<\/a><\/li><li class=\"sitemap-item\"><a href=\"https:\/\/bournan.fr\/?p=1514\">Conseils Architecture<\/a><\/li><li class=\"sitemap-item\"><a href=\"https:\/\/bournan.fr\/?p=1508\">Conseil Municipal<\/a><\/li><li class=\"sitemap-item\"><a href=\"https:\/\/bournan.fr\/?p=1504\">Fermeture Mairie du 22 d\u00e9cembre au 02 janvier<\/a><\/li><li class=\"sitemap-item\"><a href=\"https:\/\/bournan.fr\/?p=1491\">Fermeture exceptionnelle de la mairie jeudi 09 d\u00e9c 2021<\/a><\/li><li class=\"sitemap-item\"><a href=\"https:\/\/bournan.fr\/?p=1433\">Ateliers vitalit\u00e9      \u00e0 Ligueil<\/a><\/li><li class=\"sitemap-item\"><a href=\"https:\/\/bournan.fr\/?p=1429\">Vente de sapins APE<\/a><\/li><li class=\"sitemap-item\"><a href=\"https:\/\/bournan.fr\/?p=1425\">Terre(s) d&#8217;images 2021<\/a><\/li><li class=\"sitemap-item\"><a href=\"https:\/\/bournan.fr\/?p=1412\">Loches Sud Touraine \u00e0 votre service<\/a><\/li><li class=\"sitemap-item\"><a href=\"https:\/\/bournan.fr\/?p=1407\">La Mission Locale vous accueille<\/a><\/li><li class=\"sitemap-item\"><a href=\"https:\/\/bournan.fr\/?p=1403\">Pr\u00e9sence Verte<\/a><\/li><li class=\"sitemap-item\"><a href=\"https:\/\/bournan.fr\/?p=1399\">Le Rotary club vous invite<\/a><\/li><li class=\"sitemap-item\"><a href=\"https:\/\/bournan.fr\/?p=1377\">Visite virtuelle de l&#8217;\u00e9glise de BOURNAN<\/a><\/li><li class=\"sitemap-item\"><a href=\"https:\/\/bournan.fr\/?p=1292\">Percufolies 2021<\/a><\/li><li class=\"sitemap-item\"><a href=\"https:\/\/bournan.fr\/?p=1282\">Portes ouvertes club l\u00e9vrier de sport<\/a><\/li><li class=\"sitemap-item\"><a href=\"https:\/\/bournan.fr\/?p=1199\">Le souterrain refuge de Bournan<\/a><\/li><li class=\"sitemap-item\"><a href=\"https:\/\/bournan.fr\/?p=1226\">Paiement de proximit\u00e9<\/a><\/li><li class=\"sitemap-item\"><a href=\"https:\/\/bournan.fr\/?p=1215\">Rando N\u00b03<\/a><\/li><li class=\"sitemap-item\"><a href=\"https:\/\/bournan.fr\/?p=1157\">Conseils COVID<\/a><\/li><li class=\"sitemap-item\"><a href=\"https:\/\/bournan.fr\/?p=1152\">Vente de brioches<\/a><\/li><li class=\"sitemap-item\"><a href=\"https:\/\/bournan.fr\/?p=1140\">Banque Alimentaire<\/a><\/li><li class=\"sitemap-item\"><a href=\"https:\/\/bournan.fr\/?p=1111\">COVID : P\u00e9rim\u00e8tre scolaire<\/a><\/li><li class=\"sitemap-item\"><a href=\"https:\/\/bournan.fr\/?p=1095\">INFO COVID : Vigilance renforc\u00e9e Indre et Loire<\/a><\/li><li class=\"sitemap-item\"><a href=\"https:\/\/bournan.fr\/?p=1083\">Le Bleuet de France<\/a><\/li><li class=\"sitemap-item\"><a href=\"https:\/\/bournan.fr\/?p=1047\">Pr\u00e9vention Cancer 2021<\/a><\/li><li class=\"sitemap-item\"><a href=\"https:\/\/bournan.fr\/?p=1033\">Le Mag de Loches Sud Touraine<\/a><\/li><li class=\"sitemap-item\"><a href=\"https:\/\/bournan.fr\/?p=1025\">La m\u00e9diath\u00e8que de SEPMES<\/a><\/li><li class=\"sitemap-item\"><a href=\"https:\/\/bournan.fr\/?p=881\">L&#8217;\u00e9glise St Martin de Bournan<\/a><\/li><li class=\"sitemap-item\"><a href=\"https:\/\/bournan.fr\/?p=796\">Bulletin Association Culture et Loisir \u00e0 l\u2019\u00c9cole (ACLE)<\/a><\/li><li class=\"sitemap-item\"><a href=\"https:\/\/bournan.fr\/?p=615\">MSA Berry-Touraine<\/a><\/li><li class=\"sitemap-item\"><a href=\"https:\/\/bournan.fr\/?p=602\">La fontaine des Jourdelins et sa source (\u00c9pisode 1)<\/a><\/li><li class=\"sitemap-item\"><a href=\"https:\/\/bournan.fr\/?p=593\">La voie romaine de BOURNAN<\/a><\/li><li class=\"sitemap-item\"><a href=\"https:\/\/bournan.fr\/?p=575\">La premi\u00e8re \u00e9cole publique de BOURNAN<\/a><\/li><li class=\"sitemap-item\"><a href=\"https:\/\/bournan.fr\/?p=564\">Le clocher en danger ?<\/a><\/li><li class=\"sitemap-item\"><a href=\"https:\/\/bournan.fr\/?p=558\">Guerre de 1870 : Les prussiens \u00e0 Bournan !<\/a><\/li><\/ul><\/div><\/div><br style=\"clear: both;\"><\/div>\n<\/div>\n\n\n\n<div class=\"wp-block-columns is-layout-flex wp-container-core-columns-is-layout-9d6595d7 wp-block-columns-is-layout-flex\">\n<div class=\"wp-block-column is-layout-flow wp-block-column-is-layout-flow\">\n<pre class=\"wp-block-preformatted\"><strong><a href=\"https:\/\/bournan.fr\/wp-admin\/\">Se connecter<\/a><\/strong><\/pre>\n<\/div>\n\n\n\n<div class=\"wp-block-column is-layout-flow wp-block-column-is-layout-flow\"><\/div>\n\n\n\n<div class=\"wp-block-column is-layout-flow wp-block-column-is-layout-flow\"><\/div>\n<\/div>\n","protected":false},"excerpt":{"rendered":"<p>Liste des pages Liste des articles Se connecter<\/p>\n","protected":false},"author":1,"featured_media":0,"parent":0,"menu_order":0,"comment_status":"closed","ping_status":"closed","template":"","meta":{"ngg_post_thumbnail":0,"footnotes":""},"class_list":["post-255","page","type-page","status-publish"],"jetpack_sharing_enabled":true,"_links":{"self":[{"href":"https:\/\/bournan.fr\/index.php?rest_route=\/wp\/v2\/pages\/255","targetHints":{"allow":["GET"]}}],"collection":[{"href":"https:\/\/bournan.fr\/index.php?rest_route=\/wp\/v2\/pages"}],"about":[{"href":"https:\/\/bournan.fr\/index.php?rest_route=\/wp\/v2\/types\/page"}],"author":[{"embeddable":true,"href":"https:\/\/bournan.fr\/index.php?rest_route=\/wp\/v2\/users\/1"}],"replies":[{"embeddable":true,"href":"https:\/\/bournan.fr\/index.php?rest_route=%2Fwp%2Fv2%2Fcomments&post=255"}],"version-history":[{"count":16,"href":"https:\/\/bournan.fr\/index.php?rest_route=\/wp\/v2\/pages\/255\/revisions"}],"predecessor-version":[{"id":3281,"href":"https:\/\/bournan.fr\/index.php?rest_route=\/wp\/v2\/pages\/255\/revisions\/3281"}],"wp:attachment":[{"href":"https:\/\/bournan.fr\/index.php?rest_route=%2Fwp%2Fv2%2Fmedia&parent=255"}],"curies":[{"name":"wp","href":"https:\/\/api.w.org\/{rel}","templated":true}]}}