{"id":3237,"date":"2023-11-16T18:08:00","date_gmt":"2023-11-16T17:08:00","guid":{"rendered":"https:\/\/bournan.fr\/?page_id=3237"},"modified":"2024-02-03T10:06:37","modified_gmt":"2024-02-03T09:06:37","slug":"contacts-services","status":"publish","type":"page","link":"https:\/\/bournan.fr\/?page_id=3237","title":{"rendered":"Contacts &#038; Services"},"content":{"rendered":"\n<div class=\"wp-block-columns is-layout-flex wp-container-core-columns-is-layout-9d6595d7 wp-block-columns-is-layout-flex\">\n<div class=\"wp-block-column is-layout-flow wp-block-column-is-layout-flow\">\n<div class=\"wp-block-cover is-repeated\" style=\"min-height:255px;aspect-ratio:unset;\"><span aria-hidden=\"true\" class=\"wp-block-cover__background has-background-dim\"><\/span><div role=\"img\" class=\"wp-block-cover__image-background wp-image-3247 is-repeated\" style=\"background-position:50% 50%;background-image:url(https:\/\/bournan.fr\/wp-content\/uploads\/2023\/11\/DJI_0095-1-1024x576.jpg)\"><\/div><div class=\"wp-block-cover__inner-container is-layout-flow wp-block-cover-is-layout-flow\">\n<p class=\"has-text-align-left has-large-font-size\"><strong>Contacts &amp; Services<\/strong><\/p>\n<\/div><\/div>\n<\/div>\n\n\n\n<div class=\"wp-block-column is-layout-flow wp-block-column-is-layout-flow\">\n<pre class=\"wp-block-preformatted\">Vous pouvez nous contacter quand vous voulez.\nPour cela vous pouvez utiliser le moyen qui vous convient le mieux.\n    \n<strong>Lettre classique adress\u00e9e \u00e0 la mairie : <\/strong>\nMairie de BOURNAN, 3 bis rue principale 37240 Bournan\n\n<strong>T\u00e9l\u00e9phone :<\/strong>\n02 47 59 63 42 \n\n<strong>Mail : <\/strong>  mairiedebournan@orange.fr\n\n<strong>Message sur notre site :<\/strong> Pour cela cliquez sur <mark style=\"background-color:rgba(0, 0, 0, 0)\" class=\"has-inline-color has-vivid-cyan-blue-color\">''Nous contacter''<\/mark>  ci dessous<\/pre>\n<\/div>\n<\/div>\n\n\n\n<div class=\"wp-block-columns is-layout-flex wp-container-core-columns-is-layout-9d6595d7 wp-block-columns-is-layout-flex\">\n<div class=\"wp-block-column is-layout-flow wp-block-column-is-layout-flow\">\n<div class=\"wp-block-columns is-layout-flex wp-container-core-columns-is-layout-9d6595d7 wp-block-columns-is-layout-flex\">\n<div class=\"wp-block-column is-layout-flow wp-block-column-is-layout-flow\">\n<pre class=\"wp-block-preformatted\"><strong><a href=\"https:\/\/bournan.fr\/?page_id=232\">Nous contacter<\/a><\/strong><\/pre>\n\n\n<div class=\"wp-block-image\">\n<figure class=\"aligncenter size-full is-resized\"><a href=\"https:\/\/bournan.fr\/?page_id=232\"><img data-recalc-dims=\"1\" loading=\"lazy\" decoding=\"async\" width=\"588\" height=\"553\" src=\"https:\/\/i0.wp.com\/bournan.fr\/wp-content\/uploads\/2023\/11\/image-2.png?resize=588%2C553&#038;ssl=1\" alt=\"\" class=\"wp-image-3282\" style=\"width:161px;height:auto\" srcset=\"https:\/\/i0.wp.com\/bournan.fr\/wp-content\/uploads\/2023\/11\/image-2.png?w=588&amp;ssl=1 588w, https:\/\/i0.wp.com\/bournan.fr\/wp-content\/uploads\/2023\/11\/image-2.png?resize=300%2C282&amp;ssl=1 300w\" sizes=\"auto, (max-width: 588px) 100vw, 588px\" \/><\/a><\/figure>\n<\/div><\/div>\n\n\n\n<div class=\"wp-block-column is-layout-flow wp-block-column-is-layout-flow\">\n<pre class=\"wp-block-preformatted\"><strong><a href=\"https:\/\/bournan.fr\/?page_id=181\">Services<\/a><\/strong><\/pre>\n\n\n\n<figure class=\"wp-block-image size-full\"><a href=\"https:\/\/bournan.fr\/?page_id=181\"><img data-recalc-dims=\"1\" loading=\"lazy\" decoding=\"async\" width=\"459\" height=\"358\" src=\"https:\/\/i0.wp.com\/bournan.fr\/wp-content\/uploads\/2023\/11\/image-3.png?resize=459%2C358&#038;ssl=1\" alt=\"\" class=\"wp-image-3284\" srcset=\"https:\/\/i0.wp.com\/bournan.fr\/wp-content\/uploads\/2023\/11\/image-3.png?w=459&amp;ssl=1 459w, https:\/\/i0.wp.com\/bournan.fr\/wp-content\/uploads\/2023\/11\/image-3.png?resize=300%2C234&amp;ssl=1 300w\" sizes=\"auto, (max-width: 459px) 100vw, 459px\" \/><\/a><\/figure>\n<\/div>\n<\/div>\n<\/div>\n\n\n\n<div class=\"wp-block-column is-layout-flow wp-block-column-is-layout-flow\">\n<div class=\"wp-block-columns is-layout-flex wp-container-core-columns-is-layout-9d6595d7 wp-block-columns-is-layout-flex\">\n<div class=\"wp-block-column is-layout-flow wp-block-column-is-layout-flow\">\n<pre class=\"wp-block-preformatted\"><strong>Questions, r\u00e9ponses<\/strong><\/pre>\n\n\n<div class=\"wp-block-image\">\n<figure class=\"aligncenter size-full is-resized\"><img data-recalc-dims=\"1\" loading=\"lazy\" decoding=\"async\" width=\"259\" height=\"268\" src=\"https:\/\/i0.wp.com\/bournan.fr\/wp-content\/uploads\/2023\/11\/image-4.png?resize=259%2C268&#038;ssl=1\" alt=\"\" class=\"wp-image-3285\" style=\"width:148px;height:auto\"\/><\/figure>\n<\/div><\/div>\n\n\n\n<div class=\"wp-block-column is-layout-flow wp-block-column-is-layout-flow\">\n<pre class=\"wp-block-preformatted\"><a href=\"https:\/\/bournan.fr\/?page_id=181#AncreD%C3%A9ch%C3%A8teries\" data-type=\"internal\" data-id=\"#AncreD\u00e9ch\u00e8teries\">D\u00e9ch\u00e8teries<\/a><\/pre>\n\n\n<div class=\"wp-block-image\">\n<figure class=\"aligncenter size-full\"><img data-recalc-dims=\"1\" loading=\"lazy\" decoding=\"async\" width=\"343\" height=\"262\" src=\"https:\/\/i0.wp.com\/bournan.fr\/wp-content\/uploads\/2023\/11\/image-5.png?resize=343%2C262&#038;ssl=1\" alt=\"\" class=\"wp-image-3286\" srcset=\"https:\/\/i0.wp.com\/bournan.fr\/wp-content\/uploads\/2023\/11\/image-5.png?w=343&amp;ssl=1 343w, https:\/\/i0.wp.com\/bournan.fr\/wp-content\/uploads\/2023\/11\/image-5.png?resize=300%2C229&amp;ssl=1 300w\" sizes=\"auto, (max-width: 343px) 100vw, 343px\" \/><\/figure>\n<\/div><\/div>\n<\/div>\n<\/div>\n\n\n\n<div class=\"wp-block-column is-layout-flow wp-block-column-is-layout-flow\">\n<div class=\"wp-block-columns is-layout-flex wp-container-core-columns-is-layout-9d6595d7 wp-block-columns-is-layout-flex\">\n<div class=\"wp-block-column is-layout-flow wp-block-column-is-layout-flow\">\n<pre class=\"wp-block-preformatted\"><strong><a href=\"https:\/\/bournan.fr\/?page_id=2794\">Salle des f\u00eates<\/a><\/strong><\/pre>\n\n\n\n<figure class=\"wp-block-image size-full\"><a href=\"https:\/\/bournan.fr\/?page_id=2794\"><img data-recalc-dims=\"1\" loading=\"lazy\" decoding=\"async\" width=\"390\" height=\"255\" src=\"https:\/\/i0.wp.com\/bournan.fr\/wp-content\/uploads\/2023\/11\/image-6.png?resize=390%2C255&#038;ssl=1\" alt=\"\" class=\"wp-image-3287\" srcset=\"https:\/\/i0.wp.com\/bournan.fr\/wp-content\/uploads\/2023\/11\/image-6.png?w=390&amp;ssl=1 390w, https:\/\/i0.wp.com\/bournan.fr\/wp-content\/uploads\/2023\/11\/image-6.png?resize=300%2C196&amp;ssl=1 300w\" sizes=\"auto, (max-width: 390px) 100vw, 390px\" \/><\/a><\/figure>\n<\/div>\n\n\n\n<div class=\"wp-block-column is-layout-flow wp-block-column-is-layout-flow\">\n<pre class=\"wp-block-preformatted\"><strong><a href=\"https:\/\/bournan.fr\/?page_id=3222\">Salle des Assos<\/a><\/strong><\/pre>\n\n\n\n<figure class=\"wp-block-image size-full\"><a href=\"https:\/\/bournan.fr\/?page_id=3222\"><img data-recalc-dims=\"1\" loading=\"lazy\" decoding=\"async\" width=\"358\" height=\"277\" src=\"https:\/\/i0.wp.com\/bournan.fr\/wp-content\/uploads\/2023\/11\/image-7.png?resize=358%2C277&#038;ssl=1\" alt=\"\" class=\"wp-image-3288\" srcset=\"https:\/\/i0.wp.com\/bournan.fr\/wp-content\/uploads\/2023\/11\/image-7.png?w=358&amp;ssl=1 358w, https:\/\/i0.wp.com\/bournan.fr\/wp-content\/uploads\/2023\/11\/image-7.png?resize=300%2C232&amp;ssl=1 300w\" sizes=\"auto, (max-width: 358px) 100vw, 358px\" \/><\/a><\/figure>\n<\/div>\n<\/div>\n<\/div>\n<\/div>\n\n\n\n<div class=\"wp-block-columns is-layout-flex wp-container-core-columns-is-layout-9d6595d7 wp-block-columns-is-layout-flex\">\n<div class=\"wp-block-column is-layout-flow wp-block-column-is-layout-flow\">\n<div class=\"wp-block-columns is-layout-flex wp-container-core-columns-is-layout-9d6595d7 wp-block-columns-is-layout-flex\">\n<div class=\"wp-block-column is-layout-flow wp-block-column-is-layout-flow\">\n<pre class=\"wp-block-preformatted\"><strong><mark style=\"background-color:rgba(0, 0, 0, 0);color:#0b25bb\" class=\"has-inline-color\">Se d\u00e9placer \u00e0 Bournan Et en sud Touraine<\/mark><\/strong><\/pre>\n\n\n\n<div data-wp-interactive=\"core\/file\" class=\"wp-block-file\"><object data-wp-bind--hidden=\"!state.hasPdfPreview\" hidden class=\"wp-block-file__embed\" data=\"https:\/\/bournan.fr\/wp-content\/uploads\/2024\/02\/2024-BOURNAN_repertoire_mobilite.pdf\" type=\"application\/pdf\" style=\"width:100%;height:600px\" aria-label=\"Contenu embarqu\u00e9 2024-BOURNAN_repertoire_mobilite.\"><\/object><a id=\"wp-block-file--media-82a6016c-6b8c-4e69-9c35-78f704f77d14\" href=\"https:\/\/bournan.fr\/wp-content\/uploads\/2024\/02\/2024-BOURNAN_repertoire_mobilite.pdf\">2024-BOURNAN_repertoire_mobilite<\/a><a href=\"https:\/\/bournan.fr\/wp-content\/uploads\/2024\/02\/2024-BOURNAN_repertoire_mobilite.pdf\" class=\"wp-block-file__button wp-element-button\" download aria-describedby=\"wp-block-file--media-82a6016c-6b8c-4e69-9c35-78f704f77d14\">T\u00e9l\u00e9charger<\/a><\/div>\n<\/div>\n<\/div>\n<\/div>\n\n\n\n<div class=\"wp-block-column is-layout-flow wp-block-column-is-layout-flow\"><\/div>\n<\/div>\n","protected":false},"excerpt":{"rendered":"<p>Vous pouvez nous contacter quand vous voulez. Pour cela vous pouvez utiliser le moyen qui vous convient le mieux. Lettre classique adress\u00e9e \u00e0 la mairie : Mairie de BOURNAN, 3 bis rue principale 37240 Bournan T\u00e9l\u00e9phone : 02 47 59 63 42 Mail : mairiedebournan@orange.fr Message sur notre site : Pour cela cliquez sur &#8221;Nous &#8230; <a title=\"Contacts &#038; Services\" class=\"read-more\" href=\"https:\/\/bournan.fr\/?page_id=3237\" aria-label=\"En savoir plus sur Contacts &#038; Services\">Lire la suite<\/a><\/p>\n","protected":false},"author":1,"featured_media":0,"parent":0,"menu_order":0,"comment_status":"closed","ping_status":"closed","template":"","meta":{"ngg_post_thumbnail":0,"footnotes":""},"class_list":["post-3237","page","type-page","status-publish"],"jetpack_sharing_enabled":true,"_links":{"self":[{"href":"https:\/\/bournan.fr\/index.php?rest_route=\/wp\/v2\/pages\/3237","targetHints":{"allow":["GET"]}}],"collection":[{"href":"https:\/\/bournan.fr\/index.php?rest_route=\/wp\/v2\/pages"}],"about":[{"href":"https:\/\/bournan.fr\/index.php?rest_route=\/wp\/v2\/types\/page"}],"author":[{"embeddable":true,"href":"https:\/\/bournan.fr\/index.php?rest_route=\/wp\/v2\/users\/1"}],"replies":[{"embeddable":true,"href":"https:\/\/bournan.fr\/index.php?rest_route=%2Fwp%2Fv2%2Fcomments&post=3237"}],"version-history":[{"count":15,"href":"https:\/\/bournan.fr\/index.php?rest_route=\/wp\/v2\/pages\/3237\/revisions"}],"predecessor-version":[{"id":3591,"href":"https:\/\/bournan.fr\/index.php?rest_route=\/wp\/v2\/pages\/3237\/revisions\/3591"}],"wp:attachment":[{"href":"https:\/\/bournan.fr\/index.php?rest_route=%2Fwp%2Fv2%2Fmedia&parent=3237"}],"curies":[{"name":"wp","href":"https:\/\/api.w.org\/{rel}","templated":true}]}}