{"id":60,"date":"2020-11-23T15:40:41","date_gmt":"2020-11-23T14:40:41","guid":{"rendered":"http:\/\/bournan.fr\/?page_id=60"},"modified":"2021-10-29T20:54:03","modified_gmt":"2021-10-29T18:54:03","slug":"elementor-60","status":"publish","type":"page","link":"https:\/\/bournan.fr\/?page_id=60","title":{"rendered":"Les assos"},"content":{"rendered":"\n<div class=\"wp-block-cover has-background-dim-10 has-background-dim has-background-gradient\"><span aria-hidden=\"true\" class=\"wp-block-cover__gradient-background has-luminous-dusk-gradient-background\"><\/span><img data-recalc-dims=\"1\" loading=\"lazy\" decoding=\"async\" width=\"1200\" height=\"272\" class=\"wp-block-cover__image-background wp-image-503\" alt=\"\" src=\"https:\/\/i0.wp.com\/bournan.fr\/wp-content\/uploads\/2020\/12\/Pano-VueGeneraleBournan-8-scaled.jpg?resize=1200%2C272&#038;ssl=1\" data-object-fit=\"cover\" srcset=\"https:\/\/i0.wp.com\/bournan.fr\/wp-content\/uploads\/2020\/12\/Pano-VueGeneraleBournan-8-scaled.jpg?w=2560&amp;ssl=1 2560w, https:\/\/i0.wp.com\/bournan.fr\/wp-content\/uploads\/2020\/12\/Pano-VueGeneraleBournan-8-scaled.jpg?resize=300%2C68&amp;ssl=1 300w, https:\/\/i0.wp.com\/bournan.fr\/wp-content\/uploads\/2020\/12\/Pano-VueGeneraleBournan-8-scaled.jpg?resize=1024%2C232&amp;ssl=1 1024w, https:\/\/i0.wp.com\/bournan.fr\/wp-content\/uploads\/2020\/12\/Pano-VueGeneraleBournan-8-scaled.jpg?resize=768%2C174&amp;ssl=1 768w, https:\/\/i0.wp.com\/bournan.fr\/wp-content\/uploads\/2020\/12\/Pano-VueGeneraleBournan-8-scaled.jpg?resize=1536%2C348&amp;ssl=1 1536w, https:\/\/i0.wp.com\/bournan.fr\/wp-content\/uploads\/2020\/12\/Pano-VueGeneraleBournan-8-scaled.jpg?resize=2048%2C464&amp;ssl=1 2048w, https:\/\/i0.wp.com\/bournan.fr\/wp-content\/uploads\/2020\/12\/Pano-VueGeneraleBournan-8-scaled.jpg?w=2400&amp;ssl=1 2400w\" sizes=\"auto, (max-width: 1200px) 100vw, 1200px\" \/><div class=\"wp-block-cover__inner-container is-layout-flow wp-block-cover-is-layout-flow\">\n<p class=\"has-text-align-left has-large-font-size\">Les associations de BOURNAN<\/p>\n\n\n\n<div style=\"height:263px\" aria-hidden=\"true\" class=\"wp-block-spacer\"><\/div>\n\n\n\n<p>Espace de communication d\u00e9di\u00e9 aux associations de Bournan<\/p>\n<\/div><\/div>\n\n\n\n<div class=\"wp-block-columns is-layout-flex wp-container-core-columns-is-layout-9d6595d7 wp-block-columns-is-layout-flex\">\n<div class=\"wp-block-column is-layout-flow wp-block-column-is-layout-flow\">\n<pre class=\"wp-block-preformatted\">Vous faites partie d'une association, alors cet espace de communication vous est r\u00e9serv\u00e9.\nPour y afficher des informations, envoyez vos fichiers et photos via les <a href=\"https:\/\/bournan.fr\/?page_id=232(ouvre un nouvel onglet)\">formulaires<\/a> <\/pre>\n\n\n\n<p><\/p>\n<\/div>\n\n\n\n<div class=\"wp-block-column is-layout-flow wp-block-column-is-layout-flow\">\n<h2 class=\"has-text-align-center wp-block-heading\"><strong>Salle des associations<\/strong><\/h2>\n<\/div>\n<\/div>\n\n\n\n<div class=\"wp-block-columns is-layout-flex wp-container-core-columns-is-layout-9d6595d7 wp-block-columns-is-layout-flex\">\n<div class=\"wp-block-column is-layout-flow wp-block-column-is-layout-flow\">\n<pre class=\"wp-block-preformatted\">Vous pouvez r\u00e9server la salle des associations de Bournan en remplissant le <a href=\"https:\/\/bournan.fr\/?page_id=232(ouvre un nouvel onglet)\">formulaire<\/a> en contactant la mairie (Par t\u00e9l\u00e9phone, par mail ou en utilisant le formulaire de ce site)\n\nAvant de r\u00e9server, assurez vous que la salle est disponible gr\u00e2ce au calendrier ci dessous.\n\nVotre r\u00e9servation sera prise en compte et inscrite au calendrier ci dessous apr\u00e8s v\u00e9rification par l'\u00e9quipe municipale.\n<\/pre>\n\n\n\n<pre class=\"wp-block-preformatted\"><strong>R\u00e8glement pour l'utilisation de la salle des associations<\/strong>\n\n<span class=\"has-inline-color has-vivid-red-color\"><strong>Article 1<\/strong><\/span>\nLa salle est disponible gratuitement pour toutes les associations de la commune de Bournan et pour certaines activit\u00e9s de l'\u00e9cole de Bournan.\nElle est disponible de 07:00 \u00e0 22:00 (si besoin, demander une d\u00e9rogation en mairie)\n\n<strong><span class=\"has-inline-color has-vivid-red-color\">Article 2<\/span><\/strong>\nPour r\u00e9server la salle, une r\u00e9servation pr\u00e9alable devra \u00eatre faite aupr\u00e8s de la mairie. La r\u00e9servation sera effective d\u00e8s son enregistrement sur le planning ci dessous. \nSi la mairie est ferm\u00e9e, vous pouvez r\u00e9server par t\u00e9l\u00e9phone aupr\u00e8s de :\n\nM Florent CHAUVREAU               06 81 05 78 85\nM Didier VILLION                          06 31 16 95 89\nM Jean Pierre JALLET                  06 11 72 93 93\nM Michel LHERITIER                    06 31 68 44 26<\/pre>\n<\/div>\n\n\n\n<div class=\"wp-block-column is-layout-flow wp-block-column-is-layout-flow\">\n<pre class=\"wp-block-preformatted\"><strong><span class=\"has-inline-color has-vivid-red-color\">Article 3<\/span><\/strong>\nLa cl\u00e9 est disponible en mairie. Pour une r\u00e9union en dehors des horaires d'ouverture de mairie, vous devrez anticiper (<a href=\"#AncreCoordonn\u00e9esMairie\" data-type=\"internal\" data-id=\"#AncreCoordonn\u00e9esMairie\">Horaires mairie<\/a>)\nSi n\u00e9cessaire, il est possible de contacter une des personnes cit\u00e9es plus haut.\nLa cl\u00e9 doit \u00eatre ramen\u00e9e dans la boite aux lettres de la mairie d\u00e8s la fin de votre activit\u00e9.\n\n<strong><span class=\"has-inline-color has-vivid-red-color\">Article 4<\/span><\/strong>\nA votre arriv\u00e9e, si l'\u00e9tat de la salle n'est pas satisfaisant (salle, d\u00e9sordre, objets ou mobilier d\u00e9t\u00e9rior\u00e9s...) signalez le imm\u00e9diatement en mairie ou \u00e0 une des personnes cit\u00e9es plus haut. En plus du signalement, vous pouvez noter vos remarques ou suggestions sur le cahier mis \u00e0 votre disposition dans la salle.\n \nA votre d\u00e9part, veillez \u00e0 mettre la salle dans un \u00e9tat de propret\u00e9 satisfaisant. Vous devez signaler d'\u00e9ventuels incidents.\n\n<strong><span class=\"has-inline-color has-vivid-red-color\">Article 5<\/span><\/strong>\nSi vous avez modifi\u00e9 le r\u00e9glage du chauffage, vous devez imp\u00e9rativement remettre le r\u00e9glage initial.\n\n<strong><span class=\"has-inline-color has-vivid-red-color\">Article 6<\/span><\/strong>\nIl est interdit de d\u00e9placer les \u00e9l\u00e9ments de mobilier (par exemple le billard) hormis les chaises.\n\n<strong><span class=\"has-inline-color has-vivid-red-color\">Article 7<\/span><\/strong>    \nChaque association devra acter qu'elle accepte ce r\u00e8glement en nous en retournant un exemplaire sign\u00e9.\n\n<strong><span class=\"has-inline-color has-vivid-red-color\">Article 8<\/span><\/strong>\nEn aucun cas cette salle ne sera utilis\u00e9e pour des repas. Il pourra y \u00eatre tol\u00e9r\u00e9 un gouter ou un ap\u00e9ritif (non dinatoire bien entendu).<\/pre>\n<\/div>\n<\/div>\n\n\n\n<h2 class=\"wp-block-heading\">Planning de r\u00e9servation de la salle des associations<\/h2>\n\n\n<div class=\"wp-block-jetpack-google-calendar\"><iframe loading=\"lazy\" src=\"https:\/\/calendar.google.com\/calendar\/embed?src=u0mphutsq8c5m376pqiohf396o%40group.calendar.google.com&#038;ctz=Europe%2FParis\" frameborder=\"0\" style=\"border:0\" scrolling=\"no\" height=\"600\" width=\"100%\" sandbox=\"allow-scripts allow-same-origin allow-popups\"><\/iframe><\/div>\n\n\n<p><\/p>\n","protected":false},"excerpt":{"rendered":"<p>Vous faites partie d&#8217;une association, alors cet espace de communication vous est r\u00e9serv\u00e9. Pour y afficher des informations, envoyez vos fichiers et photos via les formulaires Salle des associations Vous pouvez r\u00e9server la salle des associations de Bournan en remplissant le formulaire en contactant la mairie (Par t\u00e9l\u00e9phone, par mail ou en utilisant le formulaire &#8230; <a title=\"Les assos\" class=\"read-more\" href=\"https:\/\/bournan.fr\/?page_id=60\" aria-label=\"En savoir plus sur Les assos\">Lire la suite<\/a><\/p>\n","protected":false},"author":1,"featured_media":0,"parent":0,"menu_order":0,"comment_status":"closed","ping_status":"closed","template":"","meta":{"ngg_post_thumbnail":0,"footnotes":""},"class_list":["post-60","page","type-page","status-publish"],"jetpack_sharing_enabled":true,"_links":{"self":[{"href":"https:\/\/bournan.fr\/index.php?rest_route=\/wp\/v2\/pages\/60","targetHints":{"allow":["GET"]}}],"collection":[{"href":"https:\/\/bournan.fr\/index.php?rest_route=\/wp\/v2\/pages"}],"about":[{"href":"https:\/\/bournan.fr\/index.php?rest_route=\/wp\/v2\/types\/page"}],"author":[{"embeddable":true,"href":"https:\/\/bournan.fr\/index.php?rest_route=\/wp\/v2\/users\/1"}],"replies":[{"embeddable":true,"href":"https:\/\/bournan.fr\/index.php?rest_route=%2Fwp%2Fv2%2Fcomments&post=60"}],"version-history":[{"count":37,"href":"https:\/\/bournan.fr\/index.php?rest_route=\/wp\/v2\/pages\/60\/revisions"}],"predecessor-version":[{"id":4137,"href":"https:\/\/bournan.fr\/index.php?rest_route=\/wp\/v2\/pages\/60\/revisions\/4137"}],"wp:attachment":[{"href":"https:\/\/bournan.fr\/index.php?rest_route=%2Fwp%2Fv2%2Fmedia&parent=60"}],"curies":[{"name":"wp","href":"https:\/\/api.w.org\/{rel}","templated":true}]}}